{"id":1535,"date":"2021-12-18T19:08:21","date_gmt":"2021-12-18T18:08:21","guid":{"rendered":"https:\/\/emilioyascension.es\/wedding2\/?page_id=1535"},"modified":"2022-02-24T12:34:03","modified_gmt":"2022-02-24T11:34:03","slug":"07-02-recomendaciones-de-la-zona","status":"publish","type":"page","link":"https:\/\/emilioyascension.es\/wedding2\/07-02-recomendaciones-de-la-zona\/","title":{"rendered":"07-02-Recomendaciones de la zona"},"content":{"rendered":"\n  <div class=\"banner has-hover\" id=\"banner-1685102879\">\n          <div class=\"banner-inner fill\">\n        <div class=\"banner-bg fill\" >\n            <div class=\"bg fill bg-fill \"><\/div>\n                        <div class=\"overlay\"><\/div>            \n                    <\/div>\n        <div class=\"banner-layers container\">\n            <div class=\"fill banner-link\"><\/div>            \n\n   <div id=\"text-box-2126891483\" class=\"text-box banner-layer x50 md-x50 lg-x50 y95 md-y100 lg-y100 res-text\">\n                                <div class=\"text-box-content text dark\">\n              \n              <div class=\"text-inner text-center\">\n                  \n\n\t<div id=\"text-2624421370\" class=\"text\">\n\t\t\n\n<h2 class=\"letramano\">Qu\u00e9 ver en los alrededores<\/h2>\n\t\t\n<style>\n#text-2624421370 {\n  color: rgb(255,255,255);\n}\n#text-2624421370 > * {\n  color: rgb(255,255,255);\n}\n<\/style>\n\t<\/div>\n\t\n\n              <\/div>\n           <\/div>\n                            \n<style>\n#text-box-2126891483 {\n  width: 75%;\n}\n#text-box-2126891483 .text-box-content {\n  font-size: 100%;\n}\n@media (min-width:550px) {\n  #text-box-2126891483 {\n    width: 36%;\n  }\n}\n<\/style>\n    <\/div>\n \n\n        <\/div>\n      <\/div>\n\n            \n<style>\n#banner-1685102879 {\n  padding-top: 31%;\n  background-color: rgb(255,255,255);\n}\n#banner-1685102879 .bg.bg-loaded {\n  background-image: url(https:\/\/emilioyascension.es\/wedding2\/wp-content\/uploads\/2022\/01\/Monfrague-1024x635.jpg);\n}\n#banner-1685102879 .overlay {\n  background-color: rgba(0, 0, 0, 0.419);\n}\n#banner-1685102879 .bg {\n  background-position: 23% 80%;\n}\n@media (min-width:550px) {\n  #banner-1685102879 {\n    padding-top: 21%;\n  }\n}\n<\/style>\n  <\/div>\n\n\n<div class=\"row row-small row-full-width align-equal\"  id=\"row-1382181650\">\n\n\t<div id=\"col-1395069060\" class=\"col small-12 large-12\"  >\n\t\t<div class=\"col-inner text-left\" style=\"background-color:rgb(255,255,255);\" >\n\t\t\t\n\t<div class=\"is-border\"\n\t\tstyle=\"border-color:rgba(0, 0, 0, 0.134);border-radius:25px;border-width:1px 1px 1px 1;\">\n\t<\/div>\n\t\t\t\n\n  <div class=\"banner has-hover\" id=\"banner-1138381101\">\n          <div class=\"banner-inner fill\">\n        <div class=\"banner-bg fill\" >\n            <div class=\"bg fill bg-fill \"><\/div>\n                                    \n                    <\/div>\n        <div class=\"banner-layers container\">\n            <div class=\"fill banner-link\"><\/div>            \n   <div id=\"text-box-1279027344\" class=\"text-box banner-layer x0 md-x0 lg-x0 y100 md-y100 lg-y100 res-text\">\n                                <div class=\"text-box-content text dark\">\n              \n              <div class=\"text-inner text-center\">\n                  \n\t<div id=\"text-985816910\" class=\"text\">\n\t\t\n<div class=\"place-desc-large\">\n<h2 class=\"address\">C\u00e1ceres<\/h2>\n<h3>La capital de provincia posee uno de los cascos antiguos mejor conservados de Espa\u00f1a. Est\u00e1 a una media hora en coche de Trujillo<\/h3>\n<\/div>\n\t\t\n<style>\n#text-985816910 {\n  line-height: 0.75;\n}\n<\/style>\n\t<\/div>\n\t\n              <\/div>\n           <\/div>\n                            \n<style>\n#text-box-1279027344 {\n  width: 100%;\n}\n#text-box-1279027344 .text-box-content {\n  font-size: 100%;\n}\n<\/style>\n    <\/div>\n \n        <\/div>\n      <\/div>\n\n            \n<style>\n#banner-1138381101 {\n  padding-top: 500px;\n  background-color: rgb(255,255,255);\n}\n#banner-1138381101 .bg.bg-loaded {\n  background-image: url(https:\/\/emilioyascension.es\/wedding2\/wp-content\/uploads\/2022\/01\/caceres-min-1024x461.jpg);\n}\n<\/style>\n  <\/div>\n\n\n\t<div id=\"gap-391945069\" class=\"gap-element clearfix\" style=\"display:block; height:auto;\">\n\t\t\n<style>\n#gap-391945069 {\n  padding-top: 30px;\n}\n<\/style>\n\t<\/div>\n\t\n\n  <div class=\"banner has-hover\" id=\"banner-294204844\">\n          <div class=\"banner-inner fill\">\n        <div class=\"banner-bg fill\" >\n            <div class=\"bg fill bg-fill \"><\/div>\n                        <div class=\"overlay\"><\/div>            \n                    <\/div>\n        <div class=\"banner-layers container\">\n            <div class=\"fill banner-link\"><\/div>            \n   <div id=\"text-box-742633672\" class=\"text-box banner-layer x0 md-x0 lg-x0 y100 md-y100 lg-y100 res-text\">\n                                <div class=\"text-box-content text dark\">\n              \n              <div class=\"text-inner text-center\">\n                  \n\t<div id=\"text-2326554652\" class=\"text\">\n\t\t\n<div class=\"place-desc-large\">\n<h2 class=\"address\">Guadalupe<\/h2>\n<h3>A unos 80 kil\u00f3metros de Trujillo se encuentra el peque\u00f1o pueblo de Guadalupe, famoso por su monasterio.<\/h3>\n<\/div>\n\t\t\n<style>\n#text-2326554652 {\n  line-height: 0.75;\n}\n<\/style>\n\t<\/div>\n\t\n              <\/div>\n           <\/div>\n                            \n<style>\n#text-box-742633672 {\n  width: 100%;\n}\n#text-box-742633672 .text-box-content {\n  font-size: 100%;\n}\n<\/style>\n    <\/div>\n \n        <\/div>\n      <\/div>\n\n            \n<style>\n#banner-294204844 {\n  padding-top: 500px;\n  background-color: rgb(255,255,255);\n}\n#banner-294204844 .bg.bg-loaded {\n  background-image: url(https:\/\/emilioyascension.es\/wedding2\/wp-content\/uploads\/2022\/01\/Guadalupe-1024x556.jpg);\n}\n#banner-294204844 .overlay {\n  background-color: rgba(0, 0, 0, 0.25);\n}\n<\/style>\n  <\/div>\n\n\n\t<div id=\"gap-479255940\" class=\"gap-element clearfix\" style=\"display:block; height:auto;\">\n\t\t\n<style>\n#gap-479255940 {\n  padding-top: 30px;\n}\n<\/style>\n\t<\/div>\n\t\n\n  <div class=\"banner has-hover\" id=\"banner-1302687975\">\n          <div class=\"banner-inner fill\">\n        <div class=\"banner-bg fill\" >\n            <div class=\"bg fill bg-fill \"><\/div>\n                        <div class=\"overlay\"><\/div>            \n                    <\/div>\n        <div class=\"banner-layers container\">\n            <div class=\"fill banner-link\"><\/div>            \n   <div id=\"text-box-634443861\" class=\"text-box banner-layer x0 md-x0 lg-x0 y100 md-y100 lg-y100 res-text\">\n                                <div class=\"text-box-content text dark\">\n              \n              <div class=\"text-inner text-center\">\n                  \n\t<div id=\"text-4206890300\" class=\"text\">\n\t\t\n<div class=\"place-desc-large\">\n<h2 class=\"address\">Malpartida de C\u00e1ceres<\/h2>\n<h3>Nuestro querido Malpartida! Aqu\u00ed podr\u00e9is ver y pasear por los Barruecos.<\/h3>\n<\/div>\n\t\t\n<style>\n#text-4206890300 {\n  line-height: 0.75;\n}\n<\/style>\n\t<\/div>\n\t\n              <\/div>\n           <\/div>\n                            \n<style>\n#text-box-634443861 {\n  width: 100%;\n}\n#text-box-634443861 .text-box-content {\n  font-size: 100%;\n}\n<\/style>\n    <\/div>\n \n        <\/div>\n      <\/div>\n\n            \n<style>\n#banner-1302687975 {\n  padding-top: 500px;\n  background-color: rgb(255,255,255);\n}\n#banner-1302687975 .bg.bg-loaded {\n  background-image: url(https:\/\/emilioyascension.es\/wedding2\/wp-content\/uploads\/2022\/01\/Los-Barruecos-1024x652.jpg);\n}\n#banner-1302687975 .overlay {\n  background-color: rgba(0, 0, 0, 0.25);\n}\n<\/style>\n  <\/div>\n\n\n\t<div id=\"gap-562743438\" class=\"gap-element clearfix\" style=\"display:block; height:auto;\">\n\t\t\n<style>\n#gap-562743438 {\n  padding-top: 30px;\n}\n<\/style>\n\t<\/div>\n\t\n\n  <div class=\"banner has-hover\" id=\"banner-1986199815\">\n          <div class=\"banner-inner fill\">\n        <div class=\"banner-bg fill\" >\n            <div class=\"bg fill bg-fill \"><\/div>\n                        <div class=\"overlay\"><\/div>            \n                    <\/div>\n        <div class=\"banner-layers container\">\n            <div class=\"fill banner-link\"><\/div>            \n   <div id=\"text-box-1573078240\" class=\"text-box banner-layer x50 md-x50 lg-x50 y100 md-y100 lg-y100 res-text\">\n                                <div class=\"text-box-content text dark\">\n              \n              <div class=\"text-inner text-center\">\n                  \n\t<div id=\"text-812027498\" class=\"text\">\n\t\t\n<div class=\"place-desc-large\">\n<h2 class=\"address\">Monfrag\u00fce<\/h2>\n<h3>Si os gusta el turismo de naturaleza, en este parque podr\u00e9is hacer rutas de senderismo muy chulas y ver\u00e9is un mont\u00f3n de aves como cig\u00fce\u00f1as, \u00e1guilas, buitres\u2026<\/h3>\n<\/div>\n\t\t\n<style>\n#text-812027498 {\n  line-height: 0.75;\n}\n<\/style>\n\t<\/div>\n\t\n              <\/div>\n           <\/div>\n                            \n<style>\n#text-box-1573078240 {\n  width: 100%;\n}\n#text-box-1573078240 .text-box-content {\n  font-size: 100%;\n}\n<\/style>\n    <\/div>\n \n        <\/div>\n      <\/div>\n\n            \n<style>\n#banner-1986199815 {\n  padding-top: 500px;\n  background-color: rgb(255,255,255);\n}\n#banner-1986199815 .bg.bg-loaded {\n  background-image: url(https:\/\/emilioyascension.es\/wedding2\/wp-content\/uploads\/2022\/01\/Monfrague2.jpg);\n}\n#banner-1986199815 .overlay {\n  background-color: rgba(0, 0, 0, 0.157);\n}\n<\/style>\n  <\/div>\n\n\n\t\t<\/div>\n\t\t\n<style>\n#col-1395069060 > .col-inner {\n  padding: 10px 10px 10px 11px;\n  margin: 20px 0px 0px 0px;\n  border-radius: 25px;\n}\n<\/style>\n\t<\/div>\n\n\t\n<\/div>\n","protected":false},"excerpt":{"rendered":"","protected":false},"author":1,"featured_media":0,"parent":0,"menu_order":0,"comment_status":"closed","ping_status":"closed","template":"page-transparent-header-light.php","meta":[],"_links":{"self":[{"href":"https:\/\/emilioyascension.es\/wedding2\/wp-json\/wp\/v2\/pages\/1535"}],"collection":[{"href":"https:\/\/emilioyascension.es\/wedding2\/wp-json\/wp\/v2\/pages"}],"about":[{"href":"https:\/\/emilioyascension.es\/wedding2\/wp-json\/wp\/v2\/types\/page"}],"author":[{"embeddable":true,"href":"https:\/\/emilioyascension.es\/wedding2\/wp-json\/wp\/v2\/users\/1"}],"replies":[{"embeddable":true,"href":"https:\/\/emilioyascension.es\/wedding2\/wp-json\/wp\/v2\/comments?post=1535"}],"version-history":[{"count":18,"href":"https:\/\/emilioyascension.es\/wedding2\/wp-json\/wp\/v2\/pages\/1535\/revisions"}],"predecessor-version":[{"id":2728,"href":"https:\/\/emilioyascension.es\/wedding2\/wp-json\/wp\/v2\/pages\/1535\/revisions\/2728"}],"wp:attachment":[{"href":"https:\/\/emilioyascension.es\/wedding2\/wp-json\/wp\/v2\/media?parent=1535"}],"curies":[{"name":"wp","href":"https:\/\/api.w.org\/{rel}","templated":true}]}}