{"id":8,"date":"2022-11-25T06:42:31","date_gmt":"2022-11-25T06:42:31","guid":{"rendered":"https:\/\/emilioyascension.es\/vivienda1\/?page_id=8"},"modified":"2022-12-03T08:41:44","modified_gmt":"2022-12-03T07:41:44","slug":"01-inicio","status":"publish","type":"page","link":"https:\/\/emilioyascension.es\/vivienda1\/","title":{"rendered":"01 Inicio"},"content":{"rendered":"\n<div class=\"wp-block-cover is-light has-parallax\" style=\"min-height:100vh;aspect-ratio:unset;\"><span aria-hidden=\"true\" class=\"wp-block-cover__background has-background-dim-40 has-background-dim\" style=\"background-color:#000000\"><\/span><div role=\"img\" class=\"wp-block-cover__image-background wp-image-35 has-parallax\" style=\"background-position:50% 50%;background-image:url(https:\/\/emilioyascension.es\/vivienda1\/wp-content\/uploads\/2022\/11\/edificio_la_escala_3.jpg)\"><\/div><div class=\"wp-block-cover__inner-container is-layout-flow wp-block-cover-is-layout-flow\">\n<h2 class=\"has-text-align-left alignwide has-white-color has-text-color wp-block-heading\" style=\"font-size:30px;line-height:1.2\">ESQUEMAS, PLANOS, DISE\u00d1OS.<\/h2>\n\n\n\n<div class=\"wp-block-columns alignwide is-layout-flex wp-container-core-columns-is-layout-28f84493 wp-block-columns-is-layout-flex\">\n<div class=\"wp-block-column is-layout-flow wp-block-column-is-layout-flow\" style=\"flex-basis:60%\">\n<p class=\"has-text-color\" style=\"color:#ffffff\">Recopilaci\u00f3n de documentaci\u00f3n y esquemas explicativos relativos al funcionamiento de los servicios m\u00e1s novedosos: dom\u00f3tica, climatizaci\u00f3n, planos, dise\u00f1o, iluminaci\u00f3n, etc.<\/p>\n\n\n\n<div class=\"wp-block-buttons is-layout-flex wp-block-buttons-is-layout-flex\"><\/div>\n<\/div>\n<\/div>\n<\/div><\/div>\n","protected":false},"excerpt":{"rendered":"","protected":false},"author":1,"featured_media":0,"parent":0,"menu_order":0,"comment_status":"closed","ping_status":"closed","template":"","meta":{"site-sidebar-layout":"default","site-content-layout":"default","ast-global-header-display":"","ast-banner-title-visibility":"","ast-main-header-display":"","ast-hfb-above-header-display":"","ast-hfb-below-header-display":"","ast-hfb-mobile-header-display":"","site-post-title":"disabled","ast-breadcrumbs-content":"","ast-featured-img":"","footer-sml-layout":"","theme-transparent-header-meta":"","adv-header-id-meta":"","stick-header-meta":"","header-above-stick-meta":"","header-main-stick-meta":"","header-below-stick-meta":"","footnotes":""},"class_list":["post-8","page","type-page","status-publish","hentry"],"_links":{"self":[{"href":"https:\/\/emilioyascension.es\/vivienda1\/wp-json\/wp\/v2\/pages\/8","targetHints":{"allow":["GET"]}}],"collection":[{"href":"https:\/\/emilioyascension.es\/vivienda1\/wp-json\/wp\/v2\/pages"}],"about":[{"href":"https:\/\/emilioyascension.es\/vivienda1\/wp-json\/wp\/v2\/types\/page"}],"author":[{"embeddable":true,"href":"https:\/\/emilioyascension.es\/vivienda1\/wp-json\/wp\/v2\/users\/1"}],"replies":[{"embeddable":true,"href":"https:\/\/emilioyascension.es\/vivienda1\/wp-json\/wp\/v2\/comments?post=8"}],"version-history":[{"count":33,"href":"https:\/\/emilioyascension.es\/vivienda1\/wp-json\/wp\/v2\/pages\/8\/revisions"}],"predecessor-version":[{"id":738,"href":"https:\/\/emilioyascension.es\/vivienda1\/wp-json\/wp\/v2\/pages\/8\/revisions\/738"}],"wp:attachment":[{"href":"https:\/\/emilioyascension.es\/vivienda1\/wp-json\/wp\/v2\/media?parent=8"}],"curies":[{"name":"wp","href":"https:\/\/api.w.org\/{rel}","templated":true}]}}