{"id":211,"date":"2022-11-25T18:18:23","date_gmt":"2022-11-25T17:18:23","guid":{"rendered":"https:\/\/emilioyascension.es\/vivienda1\/?page_id=211"},"modified":"2022-12-06T05:48:45","modified_gmt":"2022-12-06T04:48:45","slug":"03-1-2-esquema","status":"publish","type":"page","link":"https:\/\/emilioyascension.es\/vivienda1\/03-1-2-esquema\/","title":{"rendered":"04.2 Esquemas"},"content":{"rendered":"\n<h2 class=\"wp-block-heading\">ESQUEMAS<\/h2>\n\n\n\n<figure class=\"wp-block-gallery has-nested-images columns-default is-cropped wp-block-gallery-1 is-layout-flex wp-block-gallery-is-layout-flex\">\n<figure class=\"wp-block-image size-large has-custom-border\"><a href=\"https:\/\/emilioyascension.es\/vivienda1\/wp-content\/uploads\/2022\/11\/Climatizacion2-1.jpg\"><img loading=\"lazy\" decoding=\"async\" width=\"556\" height=\"1024\" data-id=\"300\" src=\"https:\/\/emilioyascension.es\/vivienda1\/wp-content\/uploads\/2022\/11\/Climatizacion2-1-556x1024.jpg\" alt=\"\" class=\"wp-image-300\" style=\"border-width:1px;border-radius:6px\" srcset=\"https:\/\/emilioyascension.es\/vivienda1\/wp-content\/uploads\/2022\/11\/Climatizacion2-1-556x1024.jpg 556w, https:\/\/emilioyascension.es\/vivienda1\/wp-content\/uploads\/2022\/11\/Climatizacion2-1-163x300.jpg 163w, https:\/\/emilioyascension.es\/vivienda1\/wp-content\/uploads\/2022\/11\/Climatizacion2-1.jpg 568w\" sizes=\"auto, (max-width: 556px) 100vw, 556px\" \/><\/a><figcaption class=\"wp-element-caption\">SUELO RADIANTE<\/figcaption><\/figure>\n\n\n\n<figure class=\"wp-block-image size-large has-custom-border\"><a href=\"https:\/\/emilioyascension.es\/vivienda1\/wp-content\/uploads\/2022\/11\/Climatizacion3.jpg\"><img loading=\"lazy\" decoding=\"async\" width=\"556\" height=\"1024\" data-id=\"296\" src=\"https:\/\/emilioyascension.es\/vivienda1\/wp-content\/uploads\/2022\/11\/Climatizacion3-556x1024.jpg\" alt=\"\" class=\"wp-image-296\" style=\"border-width:1px;border-radius:6px\" srcset=\"https:\/\/emilioyascension.es\/vivienda1\/wp-content\/uploads\/2022\/11\/Climatizacion3-556x1024.jpg 556w, https:\/\/emilioyascension.es\/vivienda1\/wp-content\/uploads\/2022\/11\/Climatizacion3-163x300.jpg 163w, https:\/\/emilioyascension.es\/vivienda1\/wp-content\/uploads\/2022\/11\/Climatizacion3.jpg 567w\" sizes=\"auto, (max-width: 556px) 100vw, 556px\" \/><\/a><figcaption class=\"wp-element-caption\">FANCOIL<\/figcaption><\/figure>\n\n\n\n<figure class=\"wp-block-image size-large has-custom-border\"><a href=\"https:\/\/emilioyascension.es\/vivienda1\/wp-content\/uploads\/2022\/11\/Climatizacion1.jpg\"><img loading=\"lazy\" decoding=\"async\" width=\"1024\" height=\"724\" data-id=\"297\" src=\"https:\/\/emilioyascension.es\/vivienda1\/wp-content\/uploads\/2022\/11\/Climatizacion1-1024x724.jpg\" alt=\"\" class=\"wp-image-297\" style=\"border-width:1px;border-radius:6px\" srcset=\"https:\/\/emilioyascension.es\/vivienda1\/wp-content\/uploads\/2022\/11\/Climatizacion1-1024x724.jpg 1024w, https:\/\/emilioyascension.es\/vivienda1\/wp-content\/uploads\/2022\/11\/Climatizacion1-300x212.jpg 300w, https:\/\/emilioyascension.es\/vivienda1\/wp-content\/uploads\/2022\/11\/Climatizacion1-768x543.jpg 768w, https:\/\/emilioyascension.es\/vivienda1\/wp-content\/uploads\/2022\/11\/Climatizacion1-1536x1086.jpg 1536w, https:\/\/emilioyascension.es\/vivienda1\/wp-content\/uploads\/2022\/11\/Climatizacion1.jpg 1754w\" sizes=\"auto, (max-width: 1024px) 100vw, 1024px\" \/><\/a><figcaption class=\"wp-element-caption\">AEROTERMIA ACS Y CALEFACCI\u00d3N<\/figcaption><\/figure>\n\n\n\n<figure class=\"wp-block-image size-large has-custom-border\"><a href=\"https:\/\/emilioyascension.es\/vivienda1\/wp-content\/uploads\/2022\/11\/Climatizacion4.jpg\"><img loading=\"lazy\" decoding=\"async\" width=\"787\" height=\"809\" data-id=\"301\" src=\"https:\/\/emilioyascension.es\/vivienda1\/wp-content\/uploads\/2022\/11\/Climatizacion4.jpg\" alt=\"\" class=\"wp-image-301\" style=\"border-width:1px;border-radius:6px\" srcset=\"https:\/\/emilioyascension.es\/vivienda1\/wp-content\/uploads\/2022\/11\/Climatizacion4.jpg 787w, https:\/\/emilioyascension.es\/vivienda1\/wp-content\/uploads\/2022\/11\/Climatizacion4-292x300.jpg 292w, https:\/\/emilioyascension.es\/vivienda1\/wp-content\/uploads\/2022\/11\/Climatizacion4-768x789.jpg 768w\" sizes=\"auto, (max-width: 787px) 100vw, 787px\" \/><\/a><figcaption class=\"wp-element-caption\">CONTADORES: ACS Y CALEFACCI\u00d3N. SONDAS, TERMOSTATOS, V\u00c1LVULAS, DETENTOR<\/figcaption><\/figure>\n\n\n\n<figure class=\"wp-block-image size-large has-custom-border\"><a href=\"https:\/\/emilioyascension.es\/vivienda1\/wp-content\/uploads\/2022\/11\/Climatizacion5.jpg\"><img loading=\"lazy\" decoding=\"async\" width=\"544\" height=\"667\" data-id=\"298\" src=\"https:\/\/emilioyascension.es\/vivienda1\/wp-content\/uploads\/2022\/11\/Climatizacion5.jpg\" alt=\"\" class=\"wp-image-298\" style=\"border-width:1px;border-radius:6px\" srcset=\"https:\/\/emilioyascension.es\/vivienda1\/wp-content\/uploads\/2022\/11\/Climatizacion5.jpg 544w, https:\/\/emilioyascension.es\/vivienda1\/wp-content\/uploads\/2022\/11\/Climatizacion5-245x300.jpg 245w\" sizes=\"auto, (max-width: 544px) 100vw, 544px\" \/><\/a><figcaption class=\"wp-element-caption\">ACTUADORES Y DIFERENCIAL DE TEMPERATURA PARA EQUILIBRADO CORRECTO<\/figcaption><\/figure>\n\n\n\n<figure class=\"wp-block-image size-large has-custom-border\"><a href=\"https:\/\/emilioyascension.es\/vivienda1\/wp-content\/uploads\/2022\/11\/Climatizacion2.jpg\"><img loading=\"lazy\" decoding=\"async\" width=\"1024\" height=\"728\" data-id=\"299\" src=\"https:\/\/emilioyascension.es\/vivienda1\/wp-content\/uploads\/2022\/11\/Climatizacion2-1024x728.jpg\" alt=\"\" class=\"wp-image-299\" style=\"border-width:1px;border-radius:6px\" srcset=\"https:\/\/emilioyascension.es\/vivienda1\/wp-content\/uploads\/2022\/11\/Climatizacion2-1024x728.jpg 1024w, https:\/\/emilioyascension.es\/vivienda1\/wp-content\/uploads\/2022\/11\/Climatizacion2-300x213.jpg 300w, https:\/\/emilioyascension.es\/vivienda1\/wp-content\/uploads\/2022\/11\/Climatizacion2-768x546.jpg 768w, https:\/\/emilioyascension.es\/vivienda1\/wp-content\/uploads\/2022\/11\/Climatizacion2.jpg 1268w\" sizes=\"auto, (max-width: 1024px) 100vw, 1024px\" \/><\/a><figcaption class=\"wp-element-caption\">ARMARIO DE CONTROL CLIMATZAC\u00cdON Y HUB DOM\u00d3TICO<\/figcaption><\/figure>\n\n\n\n<figure class=\"wp-block-image size-large has-custom-border\"><a href=\"https:\/\/emilioyascension.es\/vivienda1\/wp-content\/uploads\/2022\/11\/CL-MERLIN-NX-ES3Z-0946GE51-R0319-B.pdf\"><img loading=\"lazy\" decoding=\"async\" width=\"1024\" height=\"699\" data-id=\"303\" src=\"https:\/\/emilioyascension.es\/vivienda1\/wp-content\/uploads\/2022\/11\/Climatizacion6-1024x699.jpg\" alt=\"\" class=\"wp-image-303\" style=\"border-width:1px;border-radius:6px\" srcset=\"https:\/\/emilioyascension.es\/vivienda1\/wp-content\/uploads\/2022\/11\/Climatizacion6-1024x699.jpg 1024w, https:\/\/emilioyascension.es\/vivienda1\/wp-content\/uploads\/2022\/11\/Climatizacion6-300x205.jpg 300w, https:\/\/emilioyascension.es\/vivienda1\/wp-content\/uploads\/2022\/11\/Climatizacion6-768x524.jpg 768w, https:\/\/emilioyascension.es\/vivienda1\/wp-content\/uploads\/2022\/11\/Climatizacion6.jpg 1098w\" sizes=\"auto, (max-width: 1024px) 100vw, 1024px\" \/><\/a><figcaption class=\"wp-element-caption\">CENTRA LINE  BY HONEYWELL MERLIN NX GESTI\u00d3N INTEGRADA DE HABITACIONRS<\/figcaption><\/figure>\n\n\n\n<figure class=\"wp-block-image size-large has-custom-border\"><a href=\"https:\/\/emilioyascension.es\/vivienda1\/wp-content\/uploads\/2022\/11\/Climatizacion7.jpg\"><img loading=\"lazy\" decoding=\"async\" width=\"1005\" height=\"1024\" data-id=\"378\" src=\"https:\/\/emilioyascension.es\/vivienda1\/wp-content\/uploads\/2022\/11\/Climatizacion7-1005x1024.jpg\" alt=\"\" class=\"wp-image-378\" style=\"border-width:1px;border-radius:6px\" srcset=\"https:\/\/emilioyascension.es\/vivienda1\/wp-content\/uploads\/2022\/11\/Climatizacion7-1005x1024.jpg 1005w, https:\/\/emilioyascension.es\/vivienda1\/wp-content\/uploads\/2022\/11\/Climatizacion7-295x300.jpg 295w, https:\/\/emilioyascension.es\/vivienda1\/wp-content\/uploads\/2022\/11\/Climatizacion7-768x782.jpg 768w, https:\/\/emilioyascension.es\/vivienda1\/wp-content\/uploads\/2022\/11\/Climatizacion7.jpg 1081w\" sizes=\"auto, (max-width: 1005px) 100vw, 1005px\" \/><\/a><figcaption class=\"wp-element-caption\">CONTROLADOR DOM\u00d3TICO JEEDOM ATLAS PARA CONTROLAR DISPOSITIVOS Z-WAVE<\/figcaption><\/figure>\n\n\n\n<figure class=\"wp-block-image size-large has-custom-border\"><a href=\"https:\/\/doc.jeedom.com\/es_ES\/premiers-pas\/\"><img loading=\"lazy\" decoding=\"async\" width=\"1024\" height=\"576\" data-id=\"310\" src=\"https:\/\/emilioyascension.es\/vivienda1\/wp-content\/uploads\/2022\/11\/Jeedom1-1024x576.jpg\" alt=\"\" class=\"wp-image-310\" style=\"border-width:1px;border-radius:6px\" srcset=\"https:\/\/emilioyascension.es\/vivienda1\/wp-content\/uploads\/2022\/11\/Jeedom1-1024x576.jpg 1024w, https:\/\/emilioyascension.es\/vivienda1\/wp-content\/uploads\/2022\/11\/Jeedom1-300x169.jpg 300w, https:\/\/emilioyascension.es\/vivienda1\/wp-content\/uploads\/2022\/11\/Jeedom1-768x432.jpg 768w, https:\/\/emilioyascension.es\/vivienda1\/wp-content\/uploads\/2022\/11\/Jeedom1.jpg 1400w\" sizes=\"auto, (max-width: 1024px) 100vw, 1024px\" \/><\/a><figcaption class=\"wp-element-caption\">JEEDOM &#8211;&gt; PULSANDO ENLACE A DOCUMENTACI\u00d3N DOM\u00d3TICA CAI SISTEMAS<\/figcaption><\/figure>\n\n\n\n<figure class=\"wp-block-image size-large has-custom-border\"><a href=\"https:\/\/emilioyascension.es\/vivienda1\/wp-content\/uploads\/2022\/11\/Climatizacion8.jpg\"><img loading=\"lazy\" decoding=\"async\" width=\"756\" height=\"560\" data-id=\"380\" src=\"https:\/\/emilioyascension.es\/vivienda1\/wp-content\/uploads\/2022\/11\/Climatizacion8.jpg\" alt=\"\" class=\"wp-image-380\" style=\"border-width:1px;border-radius:6px\" srcset=\"https:\/\/emilioyascension.es\/vivienda1\/wp-content\/uploads\/2022\/11\/Climatizacion8.jpg 756w, https:\/\/emilioyascension.es\/vivienda1\/wp-content\/uploads\/2022\/11\/Climatizacion8-300x222.jpg 300w\" sizes=\"auto, (max-width: 756px) 100vw, 756px\" \/><\/a><figcaption class=\"wp-element-caption\">REGULADOR SF150 DE LA EMPRESA SISTENA Av. de la Industria, 54, 28760 Tres Cantos, Madrid <a href=\"https:\/\/www.google.com\/search?q=regulador%20calefaccion%20SF150&amp;ei=uTeCY6HaKc3vsAfDjJnYBQ&amp;ved=2ahUKEwjgz4_Am8z7AhWFDewKHWG-B-EQvS56BAhCEAE&amp;uact=5&amp;oq=regulador+calefaccion+SF150&amp;gs_lcp=Cgxnd3Mtd2l6LXNlcnAQAzIFCCEQoAE6CggAEB4QogQQsAM6CAgAEKIEELADOgcIABAeEKIEOgUIABCiBDoICCEQwwQQoAE6CgghEMMEEAoQoAFKBAhBGAFKBAhGGABQoAxYuUdgsUtoAXAAeAGAAacFiAGTD5IBCDE0LjEuNS0xmAEAoAEByAEDwAEB&amp;sclient=gws-wiz-serp&amp;tbs=lrf:!1m4!1u49!2m2!50m1!1e1!1m4!1u3!2m2!3m1!1e1!1m4!1u2!2m2!2m1!1e1!2m1!1e2!2m1!1e3!3sIAE,lf:1,lf_ui:10&amp;tbm=lcl&amp;rflfq=1&amp;num=10&amp;rldimm=11543163785464053281&amp;lqi=ChtyZWd1bGFkb3IgY2FsZWZhY2Npb24gU0YxNTBIhb_vqpWWgIAIWiUQABABEAIYASIbcmVndWxhZG9yIGNhbGVmYWNjaW9uIHNmMTUwkgEYZWxlY3Ryb25pY3NfbWFudWZhY3R1cmVyqgEjEAEqHyIbcmVndWxhZG9yIGNhbGVmYWNjaW9uIHNmMTUwKA4&amp;sa=X&amp;rlst=f#\">918 03 21 43<\/a><\/figcaption><\/figure>\n\n\n\n<figure class=\"wp-block-image size-large has-custom-border\"><a href=\"https:\/\/emilioyascension.es\/vivienda1\/wp-content\/uploads\/2022\/11\/Climatizacion9-scaled.jpg\"><img loading=\"lazy\" decoding=\"async\" width=\"1024\" height=\"576\" data-id=\"385\" src=\"https:\/\/emilioyascension.es\/vivienda1\/wp-content\/uploads\/2022\/11\/Climatizacion9-1024x576.jpg\" alt=\"\" class=\"wp-image-385\" style=\"border-width:1px;border-radius:6px\" srcset=\"https:\/\/emilioyascension.es\/vivienda1\/wp-content\/uploads\/2022\/11\/Climatizacion9-1024x576.jpg 1024w, https:\/\/emilioyascension.es\/vivienda1\/wp-content\/uploads\/2022\/11\/Climatizacion9-300x169.jpg 300w, https:\/\/emilioyascension.es\/vivienda1\/wp-content\/uploads\/2022\/11\/Climatizacion9-768x432.jpg 768w, https:\/\/emilioyascension.es\/vivienda1\/wp-content\/uploads\/2022\/11\/Climatizacion9-1536x864.jpg 1536w, https:\/\/emilioyascension.es\/vivienda1\/wp-content\/uploads\/2022\/11\/Climatizacion9-2048x1152.jpg 2048w\" sizes=\"auto, (max-width: 1024px) 100vw, 1024px\" \/><\/a><figcaption class=\"wp-element-caption\">FANCOIL SOBRE FALSO TECHO BA\u00d1O 2 (LA REJILLA DE FILTRO Y ASPIRACI\u00d3N EN PASILLO VEST\u00cdBULO)<\/figcaption><\/figure>\n\n\n\n<figure class=\"wp-block-image size-large has-custom-border\"><img loading=\"lazy\" decoding=\"async\" width=\"1024\" height=\"576\" data-id=\"769\" src=\"https:\/\/emilioyascension.es\/vivienda1\/wp-content\/uploads\/2022\/12\/fancoil-1024x576.jpg\" alt=\"\" class=\"wp-image-769\" style=\"border-style:none;border-width:0px;border-radius:0px\" srcset=\"https:\/\/emilioyascension.es\/vivienda1\/wp-content\/uploads\/2022\/12\/fancoil-1024x576.jpg 1024w, https:\/\/emilioyascension.es\/vivienda1\/wp-content\/uploads\/2022\/12\/fancoil-300x169.jpg 300w, https:\/\/emilioyascension.es\/vivienda1\/wp-content\/uploads\/2022\/12\/fancoil-768x432.jpg 768w, https:\/\/emilioyascension.es\/vivienda1\/wp-content\/uploads\/2022\/12\/fancoil-1536x865.jpg 1536w, https:\/\/emilioyascension.es\/vivienda1\/wp-content\/uploads\/2022\/12\/fancoil.jpg 1599w\" sizes=\"auto, (max-width: 1024px) 100vw, 1024px\" \/><figcaption class=\"wp-element-caption\">Instalaci\u00f3n Fancoil oculto falso techo del cuarto de ba\u00f1o<\/figcaption><\/figure>\n<\/figure>\n","protected":false},"excerpt":{"rendered":"<p>ESQUEMAS<\/p>\n","protected":false},"author":1,"featured_media":0,"parent":0,"menu_order":0,"comment_status":"closed","ping_status":"closed","template":"","meta":{"site-sidebar-layout":"default","site-content-layout":"default","ast-global-header-display":"","ast-banner-title-visibility":"","ast-main-header-display":"","ast-hfb-above-header-display":"","ast-hfb-below-header-display":"","ast-hfb-mobile-header-display":"","site-post-title":"disabled","ast-breadcrumbs-content":"","ast-featured-img":"","footer-sml-layout":"","theme-transparent-header-meta":"","adv-header-id-meta":"","stick-header-meta":"","header-above-stick-meta":"","header-main-stick-meta":"","header-below-stick-meta":"","footnotes":""},"class_list":["post-211","page","type-page","status-publish","hentry"],"_links":{"self":[{"href":"https:\/\/emilioyascension.es\/vivienda1\/wp-json\/wp\/v2\/pages\/211","targetHints":{"allow":["GET"]}}],"collection":[{"href":"https:\/\/emilioyascension.es\/vivienda1\/wp-json\/wp\/v2\/pages"}],"about":[{"href":"https:\/\/emilioyascension.es\/vivienda1\/wp-json\/wp\/v2\/types\/page"}],"author":[{"embeddable":true,"href":"https:\/\/emilioyascension.es\/vivienda1\/wp-json\/wp\/v2\/users\/1"}],"replies":[{"embeddable":true,"href":"https:\/\/emilioyascension.es\/vivienda1\/wp-json\/wp\/v2\/comments?post=211"}],"version-history":[{"count":17,"href":"https:\/\/emilioyascension.es\/vivienda1\/wp-json\/wp\/v2\/pages\/211\/revisions"}],"predecessor-version":[{"id":771,"href":"https:\/\/emilioyascension.es\/vivienda1\/wp-json\/wp\/v2\/pages\/211\/revisions\/771"}],"wp:attachment":[{"href":"https:\/\/emilioyascension.es\/vivienda1\/wp-json\/wp\/v2\/media?parent=211"}],"curies":[{"name":"wp","href":"https:\/\/api.w.org\/{rel}","templated":true}]}}