{"id":131,"date":"2022-11-25T16:20:41","date_gmt":"2022-11-25T15:20:41","guid":{"rendered":"https:\/\/emilioyascension.es\/vivienda1\/?page_id=131"},"modified":"2022-11-26T06:54:00","modified_gmt":"2022-11-26T05:54:00","slug":"0-3-1-climatizacion","status":"publish","type":"page","link":"https:\/\/emilioyascension.es\/vivienda1\/0-3-1-climatizacion\/","title":{"rendered":"04.1 aerotermia, suelo radiante y fancoil"},"content":{"rendered":"\n<h3 class=\"wp-block-heading\">Producci\u00f3n: aerotermia, suelo radiante y fancoil<\/h3>\n\n\n\n<figure class=\"wp-block-image aligncenter size-large\"><img loading=\"lazy\" decoding=\"async\" width=\"1024\" height=\"435\" src=\"https:\/\/emilioyascension.es\/vivienda1\/wp-content\/uploads\/2022\/11\/aerotermia-1024x435.jpg\" alt=\"\" class=\"wp-image-171\" srcset=\"https:\/\/emilioyascension.es\/vivienda1\/wp-content\/uploads\/2022\/11\/aerotermia-1024x435.jpg 1024w, https:\/\/emilioyascension.es\/vivienda1\/wp-content\/uploads\/2022\/11\/aerotermia-300x127.jpg 300w, https:\/\/emilioyascension.es\/vivienda1\/wp-content\/uploads\/2022\/11\/aerotermia-768x326.jpg 768w, https:\/\/emilioyascension.es\/vivienda1\/wp-content\/uploads\/2022\/11\/aerotermia.jpg 1093w\" sizes=\"auto, (max-width: 1024px) 100vw, 1024px\" \/><\/figure>\n\n\n\n<p><strong>Calor, a\u00fan en los inviernos m\u00e1s fr\u00edos<\/strong><\/p>\n\n\n\n<p>A menudo, cuando nos planteamos <strong>cambiar nuestra caldera por una bomba de calor aerot\u00e9rmica<\/strong>, nos sale al paso<strong> uno de los argumentos que los menos informados esgrimen habitualmente en contra de la aerotermia<\/strong>: <\/p>\n\n\n\n<blockquote class=\"wp-block-quote is-layout-flow wp-block-quote-is-layout-flow\">\n<p><strong><em>\u201cUna bomba de calor no funciona en lugares fr\u00edos\u201d.<\/em><\/strong><\/p>\n<\/blockquote>\n\n\n\n<p><strong> Es una afirmaci\u00f3n tan falsa como absurda.<\/strong> \u00bfQu\u00e9 sentido tendr\u00eda un sistema de calefacci\u00f3n que s\u00f3lo funciona cuando hace calor? Y es que, en contra de lo que podamos pensar, la efectividad de nuestra calefacci\u00f3n depende en mayor medida de nuestras costumbres, del uso que hagamos de ella, que de nuestra zona de residencia.<\/p>\n\n\n\n<figure class=\"wp-block-image aligncenter size-full\"><img loading=\"lazy\" decoding=\"async\" width=\"567\" height=\"377\" src=\"https:\/\/emilioyascension.es\/vivienda1\/wp-content\/uploads\/2022\/11\/Paisaje-con-arbol.jpg\" alt=\"\" class=\"wp-image-156\" srcset=\"https:\/\/emilioyascension.es\/vivienda1\/wp-content\/uploads\/2022\/11\/Paisaje-con-arbol.jpg 567w, https:\/\/emilioyascension.es\/vivienda1\/wp-content\/uploads\/2022\/11\/Paisaje-con-arbol-300x199.jpg 300w\" sizes=\"auto, (max-width: 567px) 100vw, 567px\" \/><\/figure>\n\n\n\n<p>Una de las caracter\u00edsticas de nuestro pa\u00eds es la gran diversidad de climas que alberga. Sin salir de \u00e9l podemos encontrar zonas h\u00famedas de clima templado tanto en verano como en invierno; zonas secas, c\u00e1lidas en invierno y t\u00f3rridas en verano; zonas de clima extremo, muy fr\u00edas en invierno y muy calientes en verano&#8230; Es razonable pensar, pues, que cada una de estas \u00e1reas impondr\u00e1 sus propias exigencias en lo que a climatizaci\u00f3n se refiere. Tambi\u00e9n que el potencial de cada zona en lo que a energ\u00edas renovables se refiere ser\u00e1 muy distinto. Pero, \u00bfes realmente esto as\u00ed?<\/p>\n\n\n\n<p><strong>LA AEROTERMIA Y EL SUELO RADIANTE<\/strong><\/p>\n\n\n\n<p><strong>La aerotermia es<\/strong>, ya lo hemos dicho muchas veces, <strong>el sistema m\u00e1s eficiente<\/strong> y respetuoso con el medio ambiente que podemos encontrar hoy en d\u00eda. Al extraer energ\u00eda t\u00e9rmica del aire exterior, la bomba t\u00e9rmica no contamina, apenas consume y adem\u00e1s nos hace independientes de los combustibles. Pero \u00bfrealmente tiene un buen rendimiento sea cual sea el clima de nuestra zona?<\/p>\n\n\n\n<p>En contra de lo que podamos pensar, aunque estemos en un lugar en el que los inviernos son muy fr\u00edos, la adopci\u00f3n de la aerotermia como sistema de calefacci\u00f3n sigue siendo recomendable (de hecho, es muy popular en pa\u00edses como Suecia). Y es que una bomba de calor es capaz de trabajar incluso a temperaturas por debajo de cero. Pensemos que el aire exterior siempre posee energ\u00eda, mucha o poca, a no ser que est\u00e9 a temperatura de 0 absoluto (establecida en unos incre\u00edbles 273\u00baC bajo cero, imposibles de encontrar en la Tierra). S\u00ed, el rendimiento del aparato desciende a medida que la temperatura exterior es m\u00e1s y m\u00e1s fr\u00eda, pero eso no es un problema con las temperaturas m\u00e1s bajas habituales en nuestro pa\u00eds. Y, en cualquier caso, <strong>si se produce un pico de demanda inusualmente alto, siempre podemos valernos de un sistema el\u00e9ctrico auxiliar<\/strong>. As\u00ed pues, no importa realmente d\u00f3nde vivamos, <strong>la aerotermia es, sin duda, el sistema m\u00e1s eficiente al que podemos aspirar. Y s\u00ed, funciona.<\/strong><\/p>\n\n\n\n<p>Por supuesto, al hablar de la aerotermia es inevitable hablar tambi\u00e9n de <strong>suelo radiante<\/strong>. <strong>Este sistema de calefacci\u00f3n<\/strong> no s\u00f3lo<strong> trabaja en perfecta sinton\u00eda con la bomba de calor<\/strong>, sino que adem\u00e1s <strong>proporciona un nivel de confort muy superior al que ofrecen los radiadores<\/strong> tradicionales. Pero aqu\u00ed s\u00ed hay ciertas particularidades que debemos comprender.<\/p>\n\n\n\n<blockquote class=\"wp-block-quote is-layout-flow wp-block-quote-is-layout-flow\">\n<p><strong><em>\u201cNo importa realmente d\u00f3nde vivamos, la aerotermia es, sin duda, el sistema m\u00e1s eficiente al que podemos aspirar.\u201d<\/em><\/strong><\/p>\n<\/blockquote>\n\n\n\n<figure class=\"wp-block-gallery has-nested-images columns-2 is-cropped wp-block-gallery-1 is-layout-flex wp-block-gallery-is-layout-flex\">\n<figure class=\"wp-block-image size-full\"><img loading=\"lazy\" decoding=\"async\" width=\"567\" height=\"377\" data-id=\"159\" src=\"https:\/\/emilioyascension.es\/vivienda1\/wp-content\/uploads\/2022\/11\/Confort.jpg\" alt=\"\" class=\"wp-image-159\" srcset=\"https:\/\/emilioyascension.es\/vivienda1\/wp-content\/uploads\/2022\/11\/Confort.jpg 567w, https:\/\/emilioyascension.es\/vivienda1\/wp-content\/uploads\/2022\/11\/Confort-300x199.jpg 300w\" sizes=\"auto, (max-width: 567px) 100vw, 567px\" \/><\/figure>\n\n\n\n<figure class=\"wp-block-image size-large\"><img loading=\"lazy\" decoding=\"async\" width=\"567\" height=\"377\" data-id=\"164\" src=\"https:\/\/emilioyascension.es\/vivienda1\/wp-content\/uploads\/2022\/11\/Confort3.jpg\" alt=\"\" class=\"wp-image-164\" srcset=\"https:\/\/emilioyascension.es\/vivienda1\/wp-content\/uploads\/2022\/11\/Confort3.jpg 567w, https:\/\/emilioyascension.es\/vivienda1\/wp-content\/uploads\/2022\/11\/Confort3-300x199.jpg 300w\" sizes=\"auto, (max-width: 567px) 100vw, 567px\" \/><\/figure>\n<\/figure>\n\n\n\n<p><strong>INERCIA T\u00c9RMICA<\/strong><\/p>\n\n\n\n<p>Es la propiedad que indica la <strong>cantidad de calor<\/strong> que puede conservar un cuerpo <strong>y la velocidad con que lo cede o absorbe<\/strong>. Es un tema de m\u00e1xima importancia cuando hablamos de climatizaci\u00f3n. Los radiadores convencionales de aluminio, por ejemplo, tienen una inercia t\u00e9rmica<strong> muy baja<\/strong>, por lo que <strong>se calentar\u00e1n muy r\u00e1pido<\/strong> en cuanto encendamos la calefacci\u00f3n, pero <strong>se enfriar\u00e1n igual de r\u00e1pido<\/strong> cuando la apaguemos. En la pr\u00e1ctica, aunque podamos calentar la casa muy r\u00e1pido, una inercia t\u00e9rmica baja supone que el mantenimiento del calor que hayamos producido durante el tiempo en el que ha estado funcionando <strong>la calefacci\u00f3n depende ahora por completo del aislamiento de la vivienda<\/strong>&#8230; o de <strong>seguir teniendo la calefacci\u00f3n a pleno rendimiento<\/strong>.<\/p>\n\n\n\n<p><strong>El suelo radiante<\/strong>, por el contrario, <strong>tiene una gran inercia t\u00e9rmica<\/strong>. Al estar instalado bajo la solera, el serpent\u00edn por el que circula el agua comienza caldeando la capa de mortero inmediatamente superior a \u00e9l; desde ah\u00ed, el calor es transmitido de manera homog\u00e9nea por toda la superficie de la vivienda, lo que <strong>produce una gran sensaci\u00f3n de confort<\/strong>. Esto implica que tardaremos algo m\u00e1s en notar c\u00f3mo se calienta nuestra casa que con un sistema convencional de radiadores, pero a cambio <strong>seguiremos obteniendo calor mucho tiempo despu\u00e9s de que hayamos apagado la calefacci\u00f3n<\/strong>. Y esto, claro est\u00e1, facilita mucho el mantenimiento de una temperatura confortable.&nbsp;<\/p>\n\n\n\n<p>La aerotermia y el suelo radiante conforman, por lo tanto, un buen sistema de climatizaci\u00f3n independientemente de d\u00f3nde vivamos. Sin embargo, <strong>la inercia t\u00e9rmica introduce una variable interesante: <\/strong><\/p>\n\n\n\n<p><\/p>\n\n\n\n<blockquote class=\"wp-block-quote is-layout-flow wp-block-quote-is-layout-flow\">\n<p><strong><em>\u00bfQu\u00e9 ocurre si la vivienda no es nuestra residencia habitual, sino una casa de fin de semana?<\/em><\/strong><\/p>\n<\/blockquote>\n\n\n\n<p> <strong>El uso espor\u00e1dico<\/strong> que hacemos de ella podr\u00eda obligarnos a calentarla o enfriarla muy r\u00e1pidamente de manera habitual, por lo que <strong>la inercia t\u00e9rmica del suelo radiante podr\u00eda suponer un problema.<\/strong><\/p>\n\n\n\n<p><strong>FANCOIL COMO SISTEMA DE APOYO<\/strong><\/p>\n\n\n\n<p>La soluci\u00f3n en este caso consiste en encontrar un <strong>sistema auxiliar capaz de calentar o refrigerar la casa r\u00e1pidamente<\/strong> mientras el suelo radiante \u00abvence\u00bb su inercia t\u00e9rmica. Dado que esta propiedad funciona en ambos sentidos (tarda m\u00e1s en calentar\/enfriar, pero calienta\/enfr\u00eda durante mucho m\u00e1s tiempo), <strong>el sistema auxiliar s\u00f3lo tendr\u00eda que trabajar para cubrir saltos t\u00e9rmicos muy r\u00e1pidos<\/strong>, <strong>y nunca para mantener la temperatura.<\/strong><\/p>\n\n\n\n<p>Si hay una <strong>tecnolog\u00eda capaz de enfriar\/calentar muy r\u00e1pido<\/strong> y dejar de hacerlo tan r\u00e1pido como se le requiera, esa es la de los <strong>fancoils o ventiloconvectores<\/strong>. Se trata de un<strong> sistema aire-agua<\/strong> en el que la bomba de calor alimenta un intercambiador que calienta o enfr\u00eda una corriente de aire impulsada por ventiladores. Las unidades interiores (los fancoils propiamente dichos) <strong>pueden estar discretamente integradas en las paredes o en el techo, en caso de viviendas de nueva construcci\u00f3n<\/strong>, o a la vista, como ocurre con los radiadores convencionales (aunque su eficiencia es muy superior a la de estos).<\/p>\n\n\n\n<p><strong>La gran ventaja de este modelo mixto es que ambos sistemas<\/strong>, suelo radiante y fancoils, <strong>pueden funcionar a la vez<\/strong>, alimentados por una misma bomba de calor. As\u00ed, cuando sea necesario enfriar o calentar muy r\u00e1pido la vivienda (o una de sus estancias), <strong>los fancoils har\u00e1n que notemos enseguida el cambio de temperatura<\/strong>, en tanto que el suelo radiante va \u00abcargando\u00bb la solera de calor (o frescor) que despu\u00e9s liberar\u00e1 durante horas. En cuanto el suelo radiante haya vencido su inercia t\u00e9rmica, podremos apagar los fancoils y mantener la temperatura exclusivamente con la bomba de calor y el suelo radiante.<\/p>\n\n\n\n<p><strong>INSTALACIONES CENTRALIZADAS UTILIZANDO AEROTERMIA<\/strong><\/p>\n\n\n\n<figure class=\"wp-block-gallery has-nested-images columns-3 is-cropped wp-block-gallery-2 is-layout-flex wp-block-gallery-is-layout-flex\">\n<figure class=\"wp-block-image size-large\"><img loading=\"lazy\" decoding=\"async\" width=\"567\" height=\"377\" data-id=\"168\" src=\"https:\/\/emilioyascension.es\/vivienda1\/wp-content\/uploads\/2022\/11\/Instalacion-comunitaria3.jpg\" alt=\"\" class=\"wp-image-168\" srcset=\"https:\/\/emilioyascension.es\/vivienda1\/wp-content\/uploads\/2022\/11\/Instalacion-comunitaria3.jpg 567w, https:\/\/emilioyascension.es\/vivienda1\/wp-content\/uploads\/2022\/11\/Instalacion-comunitaria3-300x199.jpg 300w\" sizes=\"auto, (max-width: 567px) 100vw, 567px\" \/><\/figure>\n\n\n\n<figure class=\"wp-block-image size-large\"><img loading=\"lazy\" decoding=\"async\" width=\"567\" height=\"377\" data-id=\"167\" src=\"https:\/\/emilioyascension.es\/vivienda1\/wp-content\/uploads\/2022\/11\/Instalacion-comunitaria2.jpg\" alt=\"\" class=\"wp-image-167\" srcset=\"https:\/\/emilioyascension.es\/vivienda1\/wp-content\/uploads\/2022\/11\/Instalacion-comunitaria2.jpg 567w, https:\/\/emilioyascension.es\/vivienda1\/wp-content\/uploads\/2022\/11\/Instalacion-comunitaria2-300x199.jpg 300w\" sizes=\"auto, (max-width: 567px) 100vw, 567px\" \/><\/figure>\n\n\n\n<figure class=\"wp-block-image size-large\"><img loading=\"lazy\" decoding=\"async\" width=\"567\" height=\"377\" data-id=\"166\" src=\"https:\/\/emilioyascension.es\/vivienda1\/wp-content\/uploads\/2022\/11\/Instalacion-comunitaria1.jpg\" alt=\"\" class=\"wp-image-166\" srcset=\"https:\/\/emilioyascension.es\/vivienda1\/wp-content\/uploads\/2022\/11\/Instalacion-comunitaria1.jpg 567w, https:\/\/emilioyascension.es\/vivienda1\/wp-content\/uploads\/2022\/11\/Instalacion-comunitaria1-300x199.jpg 300w\" sizes=\"auto, (max-width: 567px) 100vw, 567px\" \/><\/figure>\n<\/figure>\n\n\n\n<p><\/p>\n\n\n\n<p>Las instalaciones centralizadas mediante aerotermia son una soluci\u00f3n perfecta para comunidades de vecinos en localidades con un clima cuyos inviernos no sean demasiado rigurosos y que tengan veranos c\u00e1lidos. Permiten conseguir a todos sus vecinos calefacci\u00f3n, agua caliente e incluso aire acondicionado.<\/p>\n\n\n\n<p>Se trata de instalaciones que se despliegan en bloques de viviendas, o en grupos de casas, en las que todas las viviendas que forman parte de la instalaci\u00f3n est\u00e1n conectadas a una <strong>\u00fanica fuente de energ\u00eda<\/strong>. Esta, despu\u00e9s, <strong>se reparte desde un punto central a todas las viviendas<\/strong>, que disfrutan de ella de manera individualizada. Generalmente, para conseguir <strong>calefacci\u00f3n, agua caliente, o ambos suministros.<\/strong><\/p>\n","protected":false},"excerpt":{"rendered":"<p>Producci\u00f3n: aerotermia, suelo radiante y fancoil Calor, a\u00fan en los inviernos m\u00e1s fr\u00edos A menudo, cuando nos planteamos cambiar nuestra caldera por una bomba de calor aerot\u00e9rmica, nos sale al paso uno de los argumentos que los menos informados esgrimen habitualmente en contra de la aerotermia: \u201cUna bomba de calor no funciona en lugares fr\u00edos\u201d. &hellip;<\/p>\n<p class=\"read-more\"> <a class=\"\" href=\"https:\/\/emilioyascension.es\/vivienda1\/0-3-1-climatizacion\/\"> <span class=\"screen-reader-text\">04.1 aerotermia, suelo radiante y fancoil<\/span> Leer m\u00e1s &raquo;<\/a><\/p>\n","protected":false},"author":1,"featured_media":0,"parent":0,"menu_order":0,"comment_status":"closed","ping_status":"closed","template":"","meta":{"site-sidebar-layout":"default","site-content-layout":"default","ast-global-header-display":"","ast-banner-title-visibility":"","ast-main-header-display":"","ast-hfb-above-header-display":"","ast-hfb-below-header-display":"","ast-hfb-mobile-header-display":"","site-post-title":"disabled","ast-breadcrumbs-content":"","ast-featured-img":"","footer-sml-layout":"","theme-transparent-header-meta":"","adv-header-id-meta":"","stick-header-meta":"","header-above-stick-meta":"","header-main-stick-meta":"","header-below-stick-meta":"","footnotes":""},"class_list":["post-131","page","type-page","status-publish","hentry"],"_links":{"self":[{"href":"https:\/\/emilioyascension.es\/vivienda1\/wp-json\/wp\/v2\/pages\/131","targetHints":{"allow":["GET"]}}],"collection":[{"href":"https:\/\/emilioyascension.es\/vivienda1\/wp-json\/wp\/v2\/pages"}],"about":[{"href":"https:\/\/emilioyascension.es\/vivienda1\/wp-json\/wp\/v2\/types\/page"}],"author":[{"embeddable":true,"href":"https:\/\/emilioyascension.es\/vivienda1\/wp-json\/wp\/v2\/users\/1"}],"replies":[{"embeddable":true,"href":"https:\/\/emilioyascension.es\/vivienda1\/wp-json\/wp\/v2\/comments?post=131"}],"version-history":[{"count":27,"href":"https:\/\/emilioyascension.es\/vivienda1\/wp-json\/wp\/v2\/pages\/131\/revisions"}],"predecessor-version":[{"id":239,"href":"https:\/\/emilioyascension.es\/vivienda1\/wp-json\/wp\/v2\/pages\/131\/revisions\/239"}],"wp:attachment":[{"href":"https:\/\/emilioyascension.es\/vivienda1\/wp-json\/wp\/v2\/media?parent=131"}],"curies":[{"name":"wp","href":"https:\/\/api.w.org\/{rel}","templated":true}]}}