{"id":15649,"date":"2020-04-14T17:28:26","date_gmt":"2020-04-14T15:28:26","guid":{"rendered":"https:\/\/emilioyascension.es\/serafin2\/?page_id=15649"},"modified":"2021-11-23T09:03:17","modified_gmt":"2021-11-23T07:03:17","slug":"hermanos","status":"publish","type":"page","link":"https:\/\/emilioyascension.es\/serafin\/hermanos\/","title":{"rendered":"hermanos"},"content":{"rendered":"<p>[vc_row css_animation=\u00bb\u00bb row_type=\u00bbrow\u00bb use_row_as_full_screen_section=\u00bbno\u00bb type=\u00bbfull_width\u00bb angled_section=\u00bbno\u00bb text_align=\u00bbleft\u00bb background_image_as_pattern=\u00bbwithout_pattern\u00bb anchor=\u00bbgallery\u00bb background_color=\u00bb#4f4f4f\u00bb][vc_column css=\u00bb.vc_custom_1587055637008{padding: 32px !important;}\u00bb][vc_column_text]<span style=\"color: #ffffff;\"><span class='q_dropcap normal' style='background-color: yellow; color: #000;'>S<\/span>omos 5 hermanos, que siempre hemos estado muy unidos.<\/span>[\/vc_column_text][vc_empty_space][vc_column_text css=\u00bb.vc_custom_1587056065114{padding-right: 65px !important;padding-left: 65px !important;}\u00bb]<span style=\"color: #0000ff;\"><span style=\"color: #ffffff;\">El mayor,<\/span> <span style=\"color: #ff9900;\">JES\u00daS<\/span><span style=\"color: #ffffff;\">, con el que he trabajado siempre, yo el segundo, despu\u00e9s la \u00fanica chica<\/span> <span style=\"color: #ff9900;\">PILAR<\/span><span style=\"color: #ffffff;\">, que ahora tambi\u00e9n est\u00e1 malita, y le sigue<\/span> <span style=\"color: #ff9900;\">CLAUDIO<\/span><span style=\"color: #ffffff;\">, que es muy cari\u00f1oso.<\/span><\/span>[\/vc_column_text][vc_empty_space][vc_column_text css=\u00bb.vc_custom_1587056119612{padding-right: 65px !important;padding-left: 65px !important;}\u00bb]<span style=\"color: #ffffff;\"><span style=\"color: #003300;\"><span style=\"color: #ffffff;\">El peque\u00f1o es<\/span><span style=\"color: #ff9900;\"> FEDE<\/span><span style=\"color: #ffffff;\">, que gracias a su esfuerzo nos vemos a menudo, como \u00e9l dice: \u201cmientras podamos, seguiremos\u201d<\/span><\/span>.<\/span>[\/vc_column_text][vc_empty_space][\/vc_column][\/vc_row][vc_row css_animation=\u00bb\u00bb row_type=\u00bbrow\u00bb use_row_as_full_screen_section=\u00bbno\u00bb type=\u00bbfull_width\u00bb angled_section=\u00bbno\u00bb text_align=\u00bbleft\u00bb background_image_as_pattern=\u00bbwithout_pattern\u00bb][vc_column][vc_empty_space][vc_gallery interval=\u00bb3&#8243; images=\u00bb15653,15655,15656&#8243; img_size=\u00bbfull\u00bb][vc_empty_space][\/vc_column][\/vc_row][vc_row css_animation=\u00bb\u00bb row_type=\u00bbrow\u00bb use_row_as_full_screen_section=\u00bbno\u00bb type=\u00bbfull_width\u00bb angled_section=\u00bbno\u00bb text_align=\u00bbleft\u00bb background_image_as_pattern=\u00bbwithout_pattern\u00bb][vc_column width=\u00bb1\/3&#8243;][vc_hoverbox image=\u00bb15767&#8243; primary_title=\u00bb\u00bb hover_title=\u00bb\u00bb]<img loading=\"lazy\" decoding=\"async\" class=\"alignnone size-medium wp-image-15778\" src=\"https:\/\/emilioyascension.es\/serafin2\/wp-content\/uploads\/2020\/04\/IMG-20200216-WA0009-300x225.jpg\" alt=\"\" width=\"300\" height=\"225\" \/>[\/vc_hoverbox][\/vc_column][vc_column width=\u00bb1\/3&#8243;][vc_hoverbox image=\u00bb15769&#8243; primary_title=\u00bb\u00bb hover_title=\u00bb\u00bb shape=\u00bbround\u00bb]<img loading=\"lazy\" decoding=\"async\" class=\"alignnone size-medium wp-image-15777\" src=\"https:\/\/emilioyascension.es\/serafin2\/wp-content\/uploads\/2020\/04\/IMG-20191201-WA0020-300x233.jpg\" alt=\"\" width=\"300\" height=\"233\" \/>[\/vc_hoverbox][\/vc_column][vc_column width=\u00bb1\/3&#8243;][vc_hoverbox image=\u00bb15770&#8243; primary_title=\u00bb\u00bb hover_title=\u00bb\u00bb shape=\u00bbround\u00bb]<img loading=\"lazy\" decoding=\"async\" class=\"alignnone size-medium wp-image-15776\" src=\"https:\/\/emilioyascension.es\/serafin2\/wp-content\/uploads\/2020\/04\/IMG-20190817-WA0004-169x300.jpg\" alt=\"\" width=\"169\" height=\"300\" \/>[\/vc_hoverbox][\/vc_column][\/vc_row][vc_row css_animation=\u00bb\u00bb row_type=\u00bbrow\u00bb use_row_as_full_screen_section=\u00bbno\u00bb type=\u00bbfull_width\u00bb angled_section=\u00bbno\u00bb text_align=\u00bbleft\u00bb background_image_as_pattern=\u00bbwithout_pattern\u00bb][vc_column][vc_empty_space][\/vc_column][\/vc_row][vc_row css_animation=\u00bb\u00bb row_type=\u00bbrow\u00bb use_row_as_full_screen_section=\u00bbno\u00bb type=\u00bbfull_width\u00bb angled_section=\u00bbno\u00bb text_align=\u00bbleft\u00bb background_image_as_pattern=\u00bbwithout_pattern\u00bb][vc_column width=\u00bb1\/3&#8243;][vc_hoverbox image=\u00bb15664&#8243; primary_title=\u00bb\u00bb hover_title=\u00bb\u00bb shape=\u00bbround\u00bb]<img loading=\"lazy\" decoding=\"async\" class=\"alignnone size-medium wp-image-15664\" src=\"https:\/\/emilioyascension.es\/serafin2\/wp-content\/uploads\/2020\/04\/IMG-20170820-WA0010-300x225.jpg\" alt=\"\" width=\"300\" height=\"225\" srcset=\"https:\/\/emilioyascension.es\/serafin\/wp-content\/uploads\/2020\/04\/IMG-20170820-WA0010-300x225.jpg 300w, https:\/\/emilioyascension.es\/serafin\/wp-content\/uploads\/2020\/04\/IMG-20170820-WA0010-1024x768.jpg 1024w, https:\/\/emilioyascension.es\/serafin\/wp-content\/uploads\/2020\/04\/IMG-20170820-WA0010-768x576.jpg 768w, https:\/\/emilioyascension.es\/serafin\/wp-content\/uploads\/2020\/04\/IMG-20170820-WA0010-1536x1152.jpg 1536w, https:\/\/emilioyascension.es\/serafin\/wp-content\/uploads\/2020\/04\/IMG-20170820-WA0010-800x600.jpg 800w, https:\/\/emilioyascension.es\/serafin\/wp-content\/uploads\/2020\/04\/IMG-20170820-WA0010-700x525.jpg 700w, https:\/\/emilioyascension.es\/serafin\/wp-content\/uploads\/2020\/04\/IMG-20170820-WA0010.jpg 1600w\" sizes=\"(max-width: 300px) 100vw, 300px\" \/>[\/vc_hoverbox][\/vc_column][vc_column width=\u00bb1\/3&#8243;][vc_hoverbox image=\u00bb15663&#8243; primary_title=\u00bb\u00bb hover_title=\u00bb\u00bb shape=\u00bbround\u00bb]<img loading=\"lazy\" decoding=\"async\" class=\"alignnone size-medium wp-image-15663\" src=\"https:\/\/emilioyascension.es\/serafin2\/wp-content\/uploads\/2020\/04\/IMG_20170507_182603-225x300.jpg\" alt=\"\" width=\"225\" height=\"300\" \/>[\/vc_hoverbox][\/vc_column][vc_column width=\u00bb1\/3&#8243;][vc_hoverbox image=\u00bb15662&#8243; primary_title=\u00bb\u00bb hover_title=\u00bb\u00bb shape=\u00bbround\u00bb]<img loading=\"lazy\" decoding=\"async\" class=\"alignnone size-medium wp-image-15662\" src=\"https:\/\/emilioyascension.es\/serafin2\/wp-content\/uploads\/2020\/04\/IMG-20190511-WA0010-300x146.jpg\" alt=\"\" width=\"300\" height=\"146\" srcset=\"https:\/\/emilioyascension.es\/serafin\/wp-content\/uploads\/2020\/04\/IMG-20190511-WA0010-300x146.jpg 300w, https:\/\/emilioyascension.es\/serafin\/wp-content\/uploads\/2020\/04\/IMG-20190511-WA0010-1024x497.jpg 1024w, https:\/\/emilioyascension.es\/serafin\/wp-content\/uploads\/2020\/04\/IMG-20190511-WA0010-768x373.jpg 768w, https:\/\/emilioyascension.es\/serafin\/wp-content\/uploads\/2020\/04\/IMG-20190511-WA0010-1536x746.jpg 1536w, https:\/\/emilioyascension.es\/serafin\/wp-content\/uploads\/2020\/04\/IMG-20190511-WA0010-700x340.jpg 700w, https:\/\/emilioyascension.es\/serafin\/wp-content\/uploads\/2020\/04\/IMG-20190511-WA0010.jpg 1600w\" sizes=\"(max-width: 300px) 100vw, 300px\" \/>[\/vc_hoverbox][\/vc_column][\/vc_row][vc_row css_animation=\u00bb\u00bb row_type=\u00bbrow\u00bb use_row_as_full_screen_section=\u00bbno\u00bb type=\u00bbfull_width\u00bb angled_section=\u00bbno\u00bb text_align=\u00bbleft\u00bb background_image_as_pattern=\u00bbwithout_pattern\u00bb][vc_column][vc_empty_space][\/vc_column][\/vc_row][vc_row css_animation=\u00bb\u00bb row_type=\u00bbrow\u00bb use_row_as_full_screen_section=\u00bbno\u00bb type=\u00bbfull_width\u00bb angled_section=\u00bbno\u00bb text_align=\u00bbleft\u00bb background_image_as_pattern=\u00bbwithout_pattern\u00bb][vc_column][vc_hoverbox image=\u00bb15705&#8243; primary_title=\u00bb\u00bb hover_title=\u00bb\u00bb shape=\u00bbsquare\u00bb el_width=\u00bb50&#8243;]<img loading=\"lazy\" decoding=\"async\" class=\"alignnone size-medium wp-image-15774\" src=\"https:\/\/emilioyascension.es\/serafin2\/wp-content\/uploads\/2020\/04\/IMG-20200319-WA0026-300x169.jpg\" alt=\"\" width=\"300\" height=\"169\" \/>[\/vc_hoverbox][vc_empty_space][\/vc_column][\/vc_row]<\/p>\n","protected":false},"excerpt":{"rendered":"<p>[vc_row css_animation=\u00bb\u00bb row_type=\u00bbrow\u00bb use_row_as_full_screen_section=\u00bbno\u00bb type=\u00bbfull_width\u00bb angled_section=\u00bbno\u00bb text_align=\u00bbleft\u00bb background_image_as_pattern=\u00bbwithout_pattern\u00bb anchor=\u00bbgallery\u00bb background_color=\u00bb#4f4f4f\u00bb][vc_column css=\u00bb.vc_custom_1587055637008{padding: 32px !important;}\u00bb][vc_column_text]omos 5 hermanos, que siempre hemos estado muy unidos.[\/vc_column_text][vc_empty_space][vc_column_text css=\u00bb.vc_custom_1587056065114{padding-right: 65px !important;padding-left: 65px !important;}\u00bb]El mayor, JES\u00daS, con el que he trabajado siempre, yo el segundo, despu\u00e9s la \u00fanica chica PILAR, que ahora tambi\u00e9n&#8230;<\/p>\n","protected":false},"author":1,"featured_media":0,"parent":0,"menu_order":0,"comment_status":"closed","ping_status":"closed","template":"","meta":{"footnotes":""},"_links":{"self":[{"href":"https:\/\/emilioyascension.es\/serafin\/wp-json\/wp\/v2\/pages\/15649"}],"collection":[{"href":"https:\/\/emilioyascension.es\/serafin\/wp-json\/wp\/v2\/pages"}],"about":[{"href":"https:\/\/emilioyascension.es\/serafin\/wp-json\/wp\/v2\/types\/page"}],"author":[{"embeddable":true,"href":"https:\/\/emilioyascension.es\/serafin\/wp-json\/wp\/v2\/users\/1"}],"replies":[{"embeddable":true,"href":"https:\/\/emilioyascension.es\/serafin\/wp-json\/wp\/v2\/comments?post=15649"}],"version-history":[{"count":2,"href":"https:\/\/emilioyascension.es\/serafin\/wp-json\/wp\/v2\/pages\/15649\/revisions"}],"predecessor-version":[{"id":15771,"href":"https:\/\/emilioyascension.es\/serafin\/wp-json\/wp\/v2\/pages\/15649\/revisions\/15771"}],"wp:attachment":[{"href":"https:\/\/emilioyascension.es\/serafin\/wp-json\/wp\/v2\/media?parent=15649"}],"curies":[{"name":"wp","href":"https:\/\/api.w.org\/{rel}","templated":true}]}}