{"id":8,"date":"2022-11-25T06:42:31","date_gmt":"2022-11-25T05:42:31","guid":{"rendered":"https:\/\/emilioyascension.es\/proyecto1\/?page_id=8"},"modified":"2026-04-26T09:05:17","modified_gmt":"2026-04-26T07:05:17","slug":"home","status":"publish","type":"page","link":"https:\/\/emilioyascension.es\/proyecto1\/","title":{"rendered":"01 HOME"},"content":{"rendered":"\n\t<section class=\"section\" id=\"section_1198732363\">\n\t\t<div class=\"bg section-bg fill bg-fill  \" >\n\n\t\t\t\n\t\t\t<div class=\"section-bg-overlay absolute fill\"><\/div>\n\t\t\t\n\n\t\t<\/div>\n\n\t\t<div class=\"section-content relative\">\n\t\t\t\n\n<div class=\"row\"  id=\"row-1926335006\">\n\n\n\t<div id=\"col-1521680625\" class=\"col medium-4 small-12 large-4\"  >\n\t\t<div class=\"col-inner\"  >\n\t\t\t\n\t\t\t\n\n\n\t\t<\/div>\n\t\t\t<\/div>\n\n\t\n\n\t<div id=\"col-1106907053\" class=\"col medium-4 small-12 large-4\"  >\n\t\t<div class=\"col-inner\"  >\n\t\t\t\n\t\t\t\n\n\n\t\t<\/div>\n\t\t\t<\/div>\n\n\t\n\n\t<div id=\"col-1605107553\" class=\"col medium-5 small-12 large-5\"  >\n\t\t<div class=\"col-inner text-left\"  >\n\t\t\t\n\t\t\t\n\n\t<div id=\"text-317942299\" class=\"text\">\n\t\t\n\n<h4>PROYECTO, FOTOS, PLANOS, DISE\u00d1OS\u2026<\/h4>\n\t\t\n<style>\n#text-317942299 {\n  text-align: left;\n  color: rgb(255,255,255);\n}\n#text-317942299 > * {\n  color: rgb(255,255,255);\n}\n<\/style>\n\t<\/div>\n\t\n\t<div id=\"text-1038796593\" class=\"text\">\n\t\t\n\n<p>Dise\u00f1o de proyecto de <strong>rehabilitaci\u00f3n<\/strong> de nuestra vivienda:<\/p>\n<ul>\n<li>Objetivos.<\/li>\n<li>Estado actual del inmueble, y sus estancias.<\/li>\n<li>Dise\u00f1o, planos y caracter\u00edsticas del proyecto.<\/li>\n<\/ul>\n\t\t\n<style>\n#text-1038796593 {\n  text-align: left;\n  color: rgb(255,255,255);\n}\n#text-1038796593 > * {\n  color: rgb(255,255,255);\n}\n<\/style>\n\t<\/div>\n\t\n\n\t\t<\/div>\n\t\t\t<\/div>\n\n\t\n\n<\/div>\n\n\t\t<\/div>\n\n\t\t\n<style>\n#section_1198732363 {\n  padding-top: 0px;\n  padding-bottom: 0px;\n  min-height: 650px;\n  background-color: rgb(255, 253, 253);\n}\n#section_1198732363 .section-bg-overlay {\n  background-color: rgba(33, 50, 49, 0.552);\n}\n#section_1198732363 .section-bg.bg-loaded {\n  background-image: url(https:\/\/emilioyascension.es\/proyecto1\/wp-content\/uploads\/2023\/08\/Portada2.png);\n}\n#section_1198732363 .section-bg {\n  background-position: 19% 43%;\n}\n@media (min-width:550px) {\n  #section_1198732363 {\n    min-height: 400px;\n  }\n  #section_1198732363 .section-bg-overlay {\n    background-color: rgba(0, 0, 0, 0.285);\n  }\n}\n@media (min-width:850px) {\n  #section_1198732363 {\n    min-height: 650px;\n  }\n}\n<\/style>\n\t<\/section>\n\t\n<p>CUMPLEA\u00d1OS<\/p>\n\n","protected":false},"excerpt":{"rendered":"","protected":false},"author":1,"featured_media":0,"parent":0,"menu_order":0,"comment_status":"closed","ping_status":"closed","template":"page-transparent-header-light.php","meta":{"footnotes":""},"class_list":["post-8","page","type-page","status-publish","hentry"],"yoast_head":"<!-- This site is optimized with the Yoast SEO plugin v27.5 - https:\/\/yoast.com\/product\/yoast-seo-wordpress\/ -->\n<title>01 HOME - PROYECTO REHABILITACI\u00d3N VIVIENDA<\/title>\n<meta name=\"description\" content=\"Proyecto de rehabilitaci\u00f3n vivienda unifamiliar de Emilio y Ascensi\u00f3n para mejora de la eficiencia energ\u00e9tica y dise\u00f1o de espacios.\" \/>\n<meta name=\"robots\" content=\"index, follow, max-snippet:-1, max-image-preview:large, max-video-preview:-1\" \/>\n<link rel=\"canonical\" href=\"https:\/\/emilioyascension.es\/proyecto1\/\" \/>\n<meta property=\"og:locale\" content=\"es_ES\" \/>\n<meta property=\"og:type\" content=\"article\" \/>\n<meta property=\"og:title\" content=\"01 HOME - PROYECTO REHABILITACI\u00d3N VIVIENDA\" \/>\n<meta property=\"og:description\" content=\"Proyecto de rehabilitaci\u00f3n vivienda unifamiliar de Emilio y Ascensi\u00f3n para mejora de la eficiencia energ\u00e9tica y dise\u00f1o de espacios.\" \/>\n<meta property=\"og:url\" content=\"https:\/\/emilioyascension.es\/proyecto1\/\" \/>\n<meta property=\"og:site_name\" content=\"PROYECTO REHABILITACI\u00d3N VIVIENDA\" \/>\n<meta property=\"article:modified_time\" content=\"2026-04-26T07:05:17+00:00\" \/>\n<meta property=\"og:image\" content=\"https:\/\/emilioyascension.es\/proyecto1\/wp-content\/uploads\/2023\/10\/Captura50_3.jpg\" \/>\n\t<meta property=\"og:image:width\" content=\"1054\" \/>\n\t<meta property=\"og:image:height\" content=\"920\" \/>\n\t<meta property=\"og:image:type\" content=\"image\/jpeg\" \/>\n<meta name=\"twitter:card\" content=\"summary_large_image\" \/>\n<meta name=\"twitter:label1\" content=\"Tiempo de lectura\" \/>\n\t<meta name=\"twitter:data1\" content=\"1 minuto\" \/>\n<script type=\"application\/ld+json\" class=\"yoast-schema-graph\">{\"@context\":\"https:\\\/\\\/schema.org\",\"@graph\":[{\"@type\":\"WebPage\",\"@id\":\"https:\\\/\\\/emilioyascension.es\\\/proyecto1\\\/\",\"url\":\"https:\\\/\\\/emilioyascension.es\\\/proyecto1\\\/\",\"name\":\"01 HOME - PROYECTO REHABILITACI\u00d3N VIVIENDA\",\"isPartOf\":{\"@id\":\"https:\\\/\\\/emilioyascension.es\\\/proyecto1\\\/#website\"},\"datePublished\":\"2022-11-25T05:42:31+00:00\",\"dateModified\":\"2026-04-26T07:05:17+00:00\",\"description\":\"Proyecto de rehabilitaci\u00f3n vivienda unifamiliar de Emilio y Ascensi\u00f3n para mejora de la eficiencia energ\u00e9tica y dise\u00f1o de espacios.\",\"breadcrumb\":{\"@id\":\"https:\\\/\\\/emilioyascension.es\\\/proyecto1\\\/#breadcrumb\"},\"inLanguage\":\"es\",\"potentialAction\":[{\"@type\":\"ReadAction\",\"target\":[\"https:\\\/\\\/emilioyascension.es\\\/proyecto1\\\/\"]}]},{\"@type\":\"BreadcrumbList\",\"@id\":\"https:\\\/\\\/emilioyascension.es\\\/proyecto1\\\/#breadcrumb\",\"itemListElement\":[{\"@type\":\"ListItem\",\"position\":1,\"name\":\"HOME\",\"item\":\"https:\\\/\\\/emilioyascension.es\\\/proyecto1\\\/\"},{\"@type\":\"ListItem\",\"position\":2,\"name\":\"INICIO\"}]},{\"@type\":\"WebSite\",\"@id\":\"https:\\\/\\\/emilioyascension.es\\\/proyecto1\\\/#website\",\"url\":\"https:\\\/\\\/emilioyascension.es\\\/proyecto1\\\/\",\"name\":\"PROYECTO VIVIENDA\",\"description\":\"proyecto rehabilitaci\u00f3n de vivienda unifamiliar\",\"publisher\":{\"@id\":\"https:\\\/\\\/emilioyascension.es\\\/proyecto1\\\/#\\\/schema\\\/person\\\/d47c50aa27c6e0f69c711896c5dc5eed\"},\"alternateName\":\"PROYECTO1\",\"potentialAction\":[{\"@type\":\"SearchAction\",\"target\":{\"@type\":\"EntryPoint\",\"urlTemplate\":\"https:\\\/\\\/emilioyascension.es\\\/proyecto1\\\/?s={search_term_string}\"},\"query-input\":{\"@type\":\"PropertyValueSpecification\",\"valueRequired\":true,\"valueName\":\"search_term_string\"}}],\"inLanguage\":\"es\"},{\"@type\":[\"Person\",\"Organization\"],\"@id\":\"https:\\\/\\\/emilioyascension.es\\\/proyecto1\\\/#\\\/schema\\\/person\\\/d47c50aa27c6e0f69c711896c5dc5eed\",\"name\":\"proyecto1\",\"image\":{\"@type\":\"ImageObject\",\"inLanguage\":\"es\",\"@id\":\"https:\\\/\\\/emilioyascension.es\\\/proyecto1\\\/wp-content\\\/uploads\\\/2023\\\/08\\\/cropped-Logo.jpg\",\"url\":\"https:\\\/\\\/emilioyascension.es\\\/proyecto1\\\/wp-content\\\/uploads\\\/2023\\\/08\\\/cropped-Logo.jpg\",\"contentUrl\":\"https:\\\/\\\/emilioyascension.es\\\/proyecto1\\\/wp-content\\\/uploads\\\/2023\\\/08\\\/cropped-Logo.jpg\",\"width\":343,\"height\":167,\"caption\":\"proyecto1\"},\"logo\":{\"@id\":\"https:\\\/\\\/emilioyascension.es\\\/proyecto1\\\/wp-content\\\/uploads\\\/2023\\\/08\\\/cropped-Logo.jpg\"},\"sameAs\":[\"https:\\\/\\\/emilioyascension.es\\\/proyecto1\"]}]}<\/script>\n<!-- \/ Yoast SEO plugin. -->","yoast_head_json":{"title":"01 HOME - PROYECTO REHABILITACI\u00d3N VIVIENDA","description":"Proyecto de rehabilitaci\u00f3n vivienda unifamiliar de Emilio y Ascensi\u00f3n para mejora de la eficiencia energ\u00e9tica y dise\u00f1o de espacios.","robots":{"index":"index","follow":"follow","max-snippet":"max-snippet:-1","max-image-preview":"max-image-preview:large","max-video-preview":"max-video-preview:-1"},"canonical":"https:\/\/emilioyascension.es\/proyecto1\/","og_locale":"es_ES","og_type":"article","og_title":"01 HOME - PROYECTO REHABILITACI\u00d3N VIVIENDA","og_description":"Proyecto de rehabilitaci\u00f3n vivienda unifamiliar de Emilio y Ascensi\u00f3n para mejora de la eficiencia energ\u00e9tica y dise\u00f1o de espacios.","og_url":"https:\/\/emilioyascension.es\/proyecto1\/","og_site_name":"PROYECTO REHABILITACI\u00d3N VIVIENDA","article_modified_time":"2026-04-26T07:05:17+00:00","og_image":[{"width":1054,"height":920,"url":"https:\/\/emilioyascension.es\/proyecto1\/wp-content\/uploads\/2023\/10\/Captura50_3.jpg","type":"image\/jpeg"}],"twitter_card":"summary_large_image","twitter_misc":{"Tiempo de lectura":"1 minuto"},"schema":{"@context":"https:\/\/schema.org","@graph":[{"@type":"WebPage","@id":"https:\/\/emilioyascension.es\/proyecto1\/","url":"https:\/\/emilioyascension.es\/proyecto1\/","name":"01 HOME - PROYECTO REHABILITACI\u00d3N VIVIENDA","isPartOf":{"@id":"https:\/\/emilioyascension.es\/proyecto1\/#website"},"datePublished":"2022-11-25T05:42:31+00:00","dateModified":"2026-04-26T07:05:17+00:00","description":"Proyecto de rehabilitaci\u00f3n vivienda unifamiliar de Emilio y Ascensi\u00f3n para mejora de la eficiencia energ\u00e9tica y dise\u00f1o de espacios.","breadcrumb":{"@id":"https:\/\/emilioyascension.es\/proyecto1\/#breadcrumb"},"inLanguage":"es","potentialAction":[{"@type":"ReadAction","target":["https:\/\/emilioyascension.es\/proyecto1\/"]}]},{"@type":"BreadcrumbList","@id":"https:\/\/emilioyascension.es\/proyecto1\/#breadcrumb","itemListElement":[{"@type":"ListItem","position":1,"name":"HOME","item":"https:\/\/emilioyascension.es\/proyecto1\/"},{"@type":"ListItem","position":2,"name":"INICIO"}]},{"@type":"WebSite","@id":"https:\/\/emilioyascension.es\/proyecto1\/#website","url":"https:\/\/emilioyascension.es\/proyecto1\/","name":"PROYECTO VIVIENDA","description":"proyecto rehabilitaci\u00f3n de vivienda unifamiliar","publisher":{"@id":"https:\/\/emilioyascension.es\/proyecto1\/#\/schema\/person\/d47c50aa27c6e0f69c711896c5dc5eed"},"alternateName":"PROYECTO1","potentialAction":[{"@type":"SearchAction","target":{"@type":"EntryPoint","urlTemplate":"https:\/\/emilioyascension.es\/proyecto1\/?s={search_term_string}"},"query-input":{"@type":"PropertyValueSpecification","valueRequired":true,"valueName":"search_term_string"}}],"inLanguage":"es"},{"@type":["Person","Organization"],"@id":"https:\/\/emilioyascension.es\/proyecto1\/#\/schema\/person\/d47c50aa27c6e0f69c711896c5dc5eed","name":"proyecto1","image":{"@type":"ImageObject","inLanguage":"es","@id":"https:\/\/emilioyascension.es\/proyecto1\/wp-content\/uploads\/2023\/08\/cropped-Logo.jpg","url":"https:\/\/emilioyascension.es\/proyecto1\/wp-content\/uploads\/2023\/08\/cropped-Logo.jpg","contentUrl":"https:\/\/emilioyascension.es\/proyecto1\/wp-content\/uploads\/2023\/08\/cropped-Logo.jpg","width":343,"height":167,"caption":"proyecto1"},"logo":{"@id":"https:\/\/emilioyascension.es\/proyecto1\/wp-content\/uploads\/2023\/08\/cropped-Logo.jpg"},"sameAs":["https:\/\/emilioyascension.es\/proyecto1"]}]}},"_links":{"self":[{"href":"https:\/\/emilioyascension.es\/proyecto1\/wp-json\/wp\/v2\/pages\/8","targetHints":{"allow":["GET"]}}],"collection":[{"href":"https:\/\/emilioyascension.es\/proyecto1\/wp-json\/wp\/v2\/pages"}],"about":[{"href":"https:\/\/emilioyascension.es\/proyecto1\/wp-json\/wp\/v2\/types\/page"}],"author":[{"embeddable":true,"href":"https:\/\/emilioyascension.es\/proyecto1\/wp-json\/wp\/v2\/users\/1"}],"replies":[{"embeddable":true,"href":"https:\/\/emilioyascension.es\/proyecto1\/wp-json\/wp\/v2\/comments?post=8"}],"version-history":[{"count":6,"href":"https:\/\/emilioyascension.es\/proyecto1\/wp-json\/wp\/v2\/pages\/8\/revisions"}],"predecessor-version":[{"id":2619,"href":"https:\/\/emilioyascension.es\/proyecto1\/wp-json\/wp\/v2\/pages\/8\/revisions\/2619"}],"wp:attachment":[{"href":"https:\/\/emilioyascension.es\/proyecto1\/wp-json\/wp\/v2\/media?parent=8"}],"curies":[{"name":"wp","href":"https:\/\/api.w.org\/{rel}","templated":true}]}}