{"id":1462,"date":"2023-08-18T18:04:06","date_gmt":"2023-08-18T16:04:06","guid":{"rendered":"https:\/\/emilioyascension.es\/proyecto1\/?page_id=1462"},"modified":"2023-10-30T18:48:22","modified_gmt":"2023-10-30T17:48:22","slug":"objeto","status":"publish","type":"page","link":"https:\/\/emilioyascension.es\/proyecto1\/objeto\/","title":{"rendered":"02.01 OBJETO"},"content":{"rendered":"\n<p><span><span><a href=\"https:\/\/emilioyascension.es\/proyecto1\/\">HOME<\/a><\/span><\/span><\/p>\n\t<div id=\"gap-1457943020\" class=\"gap-element clearfix\" style=\"display:block; height:auto;\">\n\t\t\n<style>\n#gap-1457943020 {\n  padding-top: 10px;\n}\n<\/style>\n\t<\/div>\n\t\n\n<p><strong>Vivienda familiar<\/strong> adquirida en 1997, y <strong>construida en 1970<\/strong> (ref. catastral: 1081602VK4718A0046YJ).<\/p>\n<p>Dicha vivienda <strong>se rehabilit\u00f3 en parte<\/strong>, reform\u00e1ndose totalmente los <strong>tres cuartos de ba\u00f1os y la cocina<\/strong>.<\/p>\n<p><strong>La fontaner\u00eda se renov\u00f3 totalmente<\/strong> desde las 3 entradas generales de entonces (caliente 1, caliente 2 y fr\u00eda), ahora s\u00f3lo caliente y fr\u00eda, y <strong>alta en gas natural<\/strong>.<\/p>\n<p><strong>Los radiadores funcionan con caldera comunitaria, al igual que el agua caliente<\/strong>, se sustituyeron por nuevos de capacidad equivalente en dichas estancias.<\/p>\n<p><strong>El resto de la vivienda<\/strong> se procedi\u00f3 al <strong>acuchillado<\/strong>, sustituci\u00f3n de piezas de <strong>parqu\u00e9 y pintura<\/strong>, as\u00ed como la mayor parte de la <strong>carpinter\u00eda de aluminio<\/strong>.<\/p>\n<p>Hace unos tres a\u00f1os, nuestras 2 hijas han abandonado definitivamente el hogar y han formado nuevas familias, lo que nos ha hecho plantear \u00e9ste como un <strong><span style=\"color: #0000ff;\">proyecto ilusionante<\/span><\/strong>, <strong>rehabilitando nuestra vivienda<\/strong> y <strong>que se adapte a las nuevas necesidades y gustos<\/strong>, disfrutando de las mejoras en cuanto a <strong>eficiencia energ\u00e9tica, equipamiento, dise\u00f1o y calidad.<\/strong><\/p>\n<p>Somos conscientes de <strong>la problem\u00e1tica que esta decisi\u00f3n<\/strong> conlleva, a parte de la econ\u00f3mica, en comparativa con una nueva reinversi\u00f3n:<\/p>\n<ul>\n<li><strong>Traslado temporal de enseres; <\/strong><\/li>\n<li><strong>Alquiler de nuevo apartamento hasta la finalizaci\u00f3n<\/strong>.<\/li>\n<\/ul>\n<p>Por tales motivos, necesitamos que los<strong> plazos de finalizaci\u00f3n y entrega, deben de estar perfectamente definidos.<\/strong><\/p>\n<p>Es imprescindible <strong>actuar conforme a la legalidad<\/strong> de los tr\u00e1mites administrativos y permisos:<\/p>\n<ul>\n<li><strong>Ayuntamiento, <\/strong><\/li>\n<li><strong>Comunidad,<\/strong><\/li>\n<li><strong>Profesionales,<\/strong><\/li>\n<li><strong>Cubierta por seguro de obra, que nos proteja de cualquier incidencia o imprevisto de los trabajos en la vivienda o terceros.<\/strong><\/li>\n<\/ul>\n<p>Por \u00faltimo, solicitamos las <strong>gestiones<\/strong> para acogerse a <strong>programas de subvenci\u00f3n, ayudas, o <a href=\"https:\/\/www.mapfre.es\/particulares\/seguros-de-hogar\/articulos\/iva-en-reformas-10-o-20-porciento\/\"><em>I.V.A. reducido<\/em><\/a><\/strong>, dado que la obra de rehabilitaci\u00f3n mejorar\u00eda las <strong>condiciones de habitabilidad y <a href=\"https:\/\/www.comunidad.madrid\/servicios\/vivienda\/ayudas-actuaciones-rehabilitacion-energetica-edificios-residenciales-viviendas-prtr\" target=\"_blank\" rel=\"noopener\"><em>eficiencia energ\u00e9tica<\/em><\/a>.<\/strong><\/p>\n","protected":false},"excerpt":{"rendered":"","protected":false},"author":1,"featured_media":0,"parent":0,"menu_order":0,"comment_status":"closed","ping_status":"closed","template":"","meta":{"footnotes":""},"class_list":["post-1462","page","type-page","status-publish","hentry"],"yoast_head":"<!-- This site is optimized with the Yoast SEO plugin v27.5 - https:\/\/yoast.com\/product\/yoast-seo-wordpress\/ -->\n<title>02.01 OBJETO - PROYECTO REHABILITACI\u00d3N VIVIENDA<\/title>\n<meta name=\"description\" content=\"Objeto del Proyecto de rehabilitaci\u00f3n de vivienda unifamiliar de Emilio y Ascensi\u00f3n. Mejora de la eficiencia energ\u00e9tica\" \/>\n<meta name=\"robots\" content=\"index, follow, max-snippet:-1, max-image-preview:large, max-video-preview:-1\" \/>\n<link rel=\"canonical\" href=\"https:\/\/emilioyascension.es\/proyecto1\/objeto\/\" \/>\n<meta property=\"og:locale\" content=\"es_ES\" \/>\n<meta property=\"og:type\" content=\"article\" \/>\n<meta property=\"og:title\" content=\"02.01 OBJETO - PROYECTO REHABILITACI\u00d3N VIVIENDA\" \/>\n<meta property=\"og:description\" content=\"Objeto del Proyecto de rehabilitaci\u00f3n de vivienda unifamiliar de Emilio y Ascensi\u00f3n. Mejora de la eficiencia energ\u00e9tica\" \/>\n<meta property=\"og:url\" content=\"https:\/\/emilioyascension.es\/proyecto1\/objeto\/\" \/>\n<meta property=\"og:site_name\" content=\"PROYECTO REHABILITACI\u00d3N VIVIENDA\" \/>\n<meta property=\"article:modified_time\" content=\"2023-10-30T17:48:22+00:00\" \/>\n<meta property=\"og:image\" content=\"https:\/\/emilioyascension.es\/proyecto1\/wp-content\/uploads\/2023\/10\/Captura50_3.jpg\" \/>\n\t<meta property=\"og:image:width\" content=\"1054\" \/>\n\t<meta property=\"og:image:height\" content=\"920\" \/>\n\t<meta property=\"og:image:type\" content=\"image\/jpeg\" \/>\n<meta name=\"twitter:card\" content=\"summary_large_image\" \/>\n<meta name=\"twitter:label1\" content=\"Tiempo de lectura\" \/>\n\t<meta name=\"twitter:data1\" content=\"2 minutos\" \/>\n<script type=\"application\/ld+json\" class=\"yoast-schema-graph\">{\"@context\":\"https:\\\/\\\/schema.org\",\"@graph\":[{\"@type\":\"WebPage\",\"@id\":\"https:\\\/\\\/emilioyascension.es\\\/proyecto1\\\/objeto\\\/\",\"url\":\"https:\\\/\\\/emilioyascension.es\\\/proyecto1\\\/objeto\\\/\",\"name\":\"02.01 OBJETO - PROYECTO REHABILITACI\u00d3N VIVIENDA\",\"isPartOf\":{\"@id\":\"https:\\\/\\\/emilioyascension.es\\\/proyecto1\\\/#website\"},\"datePublished\":\"2023-08-18T16:04:06+00:00\",\"dateModified\":\"2023-10-30T17:48:22+00:00\",\"description\":\"Objeto del Proyecto de rehabilitaci\u00f3n de vivienda unifamiliar de Emilio y Ascensi\u00f3n. Mejora de la eficiencia energ\u00e9tica\",\"breadcrumb\":{\"@id\":\"https:\\\/\\\/emilioyascension.es\\\/proyecto1\\\/objeto\\\/#breadcrumb\"},\"inLanguage\":\"es\",\"potentialAction\":[{\"@type\":\"ReadAction\",\"target\":[\"https:\\\/\\\/emilioyascension.es\\\/proyecto1\\\/objeto\\\/\"]}]},{\"@type\":\"BreadcrumbList\",\"@id\":\"https:\\\/\\\/emilioyascension.es\\\/proyecto1\\\/objeto\\\/#breadcrumb\",\"itemListElement\":[{\"@type\":\"ListItem\",\"position\":1,\"name\":\"HOME\",\"item\":\"https:\\\/\\\/emilioyascension.es\\\/proyecto1\\\/\"},{\"@type\":\"ListItem\",\"position\":2,\"name\":\"OBJETO\"}]},{\"@type\":\"WebSite\",\"@id\":\"https:\\\/\\\/emilioyascension.es\\\/proyecto1\\\/#website\",\"url\":\"https:\\\/\\\/emilioyascension.es\\\/proyecto1\\\/\",\"name\":\"PROYECTO VIVIENDA\",\"description\":\"proyecto rehabilitaci\u00f3n de vivienda unifamiliar\",\"publisher\":{\"@id\":\"https:\\\/\\\/emilioyascension.es\\\/proyecto1\\\/#\\\/schema\\\/person\\\/d47c50aa27c6e0f69c711896c5dc5eed\"},\"alternateName\":\"PROYECTO1\",\"potentialAction\":[{\"@type\":\"SearchAction\",\"target\":{\"@type\":\"EntryPoint\",\"urlTemplate\":\"https:\\\/\\\/emilioyascension.es\\\/proyecto1\\\/?s={search_term_string}\"},\"query-input\":{\"@type\":\"PropertyValueSpecification\",\"valueRequired\":true,\"valueName\":\"search_term_string\"}}],\"inLanguage\":\"es\"},{\"@type\":[\"Person\",\"Organization\"],\"@id\":\"https:\\\/\\\/emilioyascension.es\\\/proyecto1\\\/#\\\/schema\\\/person\\\/d47c50aa27c6e0f69c711896c5dc5eed\",\"name\":\"proyecto1\",\"image\":{\"@type\":\"ImageObject\",\"inLanguage\":\"es\",\"@id\":\"https:\\\/\\\/emilioyascension.es\\\/proyecto1\\\/wp-content\\\/uploads\\\/2023\\\/08\\\/cropped-Logo.jpg\",\"url\":\"https:\\\/\\\/emilioyascension.es\\\/proyecto1\\\/wp-content\\\/uploads\\\/2023\\\/08\\\/cropped-Logo.jpg\",\"contentUrl\":\"https:\\\/\\\/emilioyascension.es\\\/proyecto1\\\/wp-content\\\/uploads\\\/2023\\\/08\\\/cropped-Logo.jpg\",\"width\":343,\"height\":167,\"caption\":\"proyecto1\"},\"logo\":{\"@id\":\"https:\\\/\\\/emilioyascension.es\\\/proyecto1\\\/wp-content\\\/uploads\\\/2023\\\/08\\\/cropped-Logo.jpg\"},\"sameAs\":[\"https:\\\/\\\/emilioyascension.es\\\/proyecto1\"]}]}<\/script>\n<!-- \/ Yoast SEO plugin. -->","yoast_head_json":{"title":"02.01 OBJETO - PROYECTO REHABILITACI\u00d3N VIVIENDA","description":"Objeto del Proyecto de rehabilitaci\u00f3n de vivienda unifamiliar de Emilio y Ascensi\u00f3n. Mejora de la eficiencia energ\u00e9tica","robots":{"index":"index","follow":"follow","max-snippet":"max-snippet:-1","max-image-preview":"max-image-preview:large","max-video-preview":"max-video-preview:-1"},"canonical":"https:\/\/emilioyascension.es\/proyecto1\/objeto\/","og_locale":"es_ES","og_type":"article","og_title":"02.01 OBJETO - PROYECTO REHABILITACI\u00d3N VIVIENDA","og_description":"Objeto del Proyecto de rehabilitaci\u00f3n de vivienda unifamiliar de Emilio y Ascensi\u00f3n. Mejora de la eficiencia energ\u00e9tica","og_url":"https:\/\/emilioyascension.es\/proyecto1\/objeto\/","og_site_name":"PROYECTO REHABILITACI\u00d3N VIVIENDA","article_modified_time":"2023-10-30T17:48:22+00:00","og_image":[{"width":1054,"height":920,"url":"https:\/\/emilioyascension.es\/proyecto1\/wp-content\/uploads\/2023\/10\/Captura50_3.jpg","type":"image\/jpeg"}],"twitter_card":"summary_large_image","twitter_misc":{"Tiempo de lectura":"2 minutos"},"schema":{"@context":"https:\/\/schema.org","@graph":[{"@type":"WebPage","@id":"https:\/\/emilioyascension.es\/proyecto1\/objeto\/","url":"https:\/\/emilioyascension.es\/proyecto1\/objeto\/","name":"02.01 OBJETO - PROYECTO REHABILITACI\u00d3N VIVIENDA","isPartOf":{"@id":"https:\/\/emilioyascension.es\/proyecto1\/#website"},"datePublished":"2023-08-18T16:04:06+00:00","dateModified":"2023-10-30T17:48:22+00:00","description":"Objeto del Proyecto de rehabilitaci\u00f3n de vivienda unifamiliar de Emilio y Ascensi\u00f3n. Mejora de la eficiencia energ\u00e9tica","breadcrumb":{"@id":"https:\/\/emilioyascension.es\/proyecto1\/objeto\/#breadcrumb"},"inLanguage":"es","potentialAction":[{"@type":"ReadAction","target":["https:\/\/emilioyascension.es\/proyecto1\/objeto\/"]}]},{"@type":"BreadcrumbList","@id":"https:\/\/emilioyascension.es\/proyecto1\/objeto\/#breadcrumb","itemListElement":[{"@type":"ListItem","position":1,"name":"HOME","item":"https:\/\/emilioyascension.es\/proyecto1\/"},{"@type":"ListItem","position":2,"name":"OBJETO"}]},{"@type":"WebSite","@id":"https:\/\/emilioyascension.es\/proyecto1\/#website","url":"https:\/\/emilioyascension.es\/proyecto1\/","name":"PROYECTO VIVIENDA","description":"proyecto rehabilitaci\u00f3n de vivienda unifamiliar","publisher":{"@id":"https:\/\/emilioyascension.es\/proyecto1\/#\/schema\/person\/d47c50aa27c6e0f69c711896c5dc5eed"},"alternateName":"PROYECTO1","potentialAction":[{"@type":"SearchAction","target":{"@type":"EntryPoint","urlTemplate":"https:\/\/emilioyascension.es\/proyecto1\/?s={search_term_string}"},"query-input":{"@type":"PropertyValueSpecification","valueRequired":true,"valueName":"search_term_string"}}],"inLanguage":"es"},{"@type":["Person","Organization"],"@id":"https:\/\/emilioyascension.es\/proyecto1\/#\/schema\/person\/d47c50aa27c6e0f69c711896c5dc5eed","name":"proyecto1","image":{"@type":"ImageObject","inLanguage":"es","@id":"https:\/\/emilioyascension.es\/proyecto1\/wp-content\/uploads\/2023\/08\/cropped-Logo.jpg","url":"https:\/\/emilioyascension.es\/proyecto1\/wp-content\/uploads\/2023\/08\/cropped-Logo.jpg","contentUrl":"https:\/\/emilioyascension.es\/proyecto1\/wp-content\/uploads\/2023\/08\/cropped-Logo.jpg","width":343,"height":167,"caption":"proyecto1"},"logo":{"@id":"https:\/\/emilioyascension.es\/proyecto1\/wp-content\/uploads\/2023\/08\/cropped-Logo.jpg"},"sameAs":["https:\/\/emilioyascension.es\/proyecto1"]}]}},"_links":{"self":[{"href":"https:\/\/emilioyascension.es\/proyecto1\/wp-json\/wp\/v2\/pages\/1462","targetHints":{"allow":["GET"]}}],"collection":[{"href":"https:\/\/emilioyascension.es\/proyecto1\/wp-json\/wp\/v2\/pages"}],"about":[{"href":"https:\/\/emilioyascension.es\/proyecto1\/wp-json\/wp\/v2\/types\/page"}],"author":[{"embeddable":true,"href":"https:\/\/emilioyascension.es\/proyecto1\/wp-json\/wp\/v2\/users\/1"}],"replies":[{"embeddable":true,"href":"https:\/\/emilioyascension.es\/proyecto1\/wp-json\/wp\/v2\/comments?post=1462"}],"version-history":[{"count":0,"href":"https:\/\/emilioyascension.es\/proyecto1\/wp-json\/wp\/v2\/pages\/1462\/revisions"}],"wp:attachment":[{"href":"https:\/\/emilioyascension.es\/proyecto1\/wp-json\/wp\/v2\/media?parent=1462"}],"curies":[{"name":"wp","href":"https:\/\/api.w.org\/{rel}","templated":true}]}}