{"id":779,"date":"2022-10-05T07:05:48","date_gmt":"2022-10-05T05:05:48","guid":{"rendered":"https:\/\/emilioyascension.es\/cookbook1\/?page_id=779"},"modified":"2022-10-05T08:00:52","modified_gmt":"2022-10-05T06:00:52","slug":"discurso-boda-nuria","status":"publish","type":"page","link":"https:\/\/emilioyascension.es\/cookbook1\/discurso-boda-nuria\/","title":{"rendered":"Discurso boda Nuria y Javier"},"content":{"rendered":"\n<figure class=\"wp-block-image size-large\"><img loading=\"lazy\" decoding=\"async\" width=\"1024\" height=\"426\" src=\"https:\/\/emilioyascension.es\/cookbook1\/wp-content\/uploads\/2022\/10\/Captura-1024x426.jpg\" alt=\"\" class=\"wp-image-792\" srcset=\"https:\/\/emilioyascension.es\/cookbook1\/wp-content\/uploads\/2022\/10\/Captura-1024x426.jpg 1024w, https:\/\/emilioyascension.es\/cookbook1\/wp-content\/uploads\/2022\/10\/Captura-300x125.jpg 300w, https:\/\/emilioyascension.es\/cookbook1\/wp-content\/uploads\/2022\/10\/Captura-768x319.jpg 768w, https:\/\/emilioyascension.es\/cookbook1\/wp-content\/uploads\/2022\/10\/Captura.jpg 1479w\" sizes=\"auto, (max-width: 1024px) 100vw, 1024px\" \/><\/figure>\n\n\n\n<p style=\"font-style:normal;font-weight:700\">Emilio.<\/p>\n\n\n\n<p>Quiero en primer lugar, agradecer con todo el cari\u00f1o a la familia, y a los amigos, que nos acompa\u00f1an en este d\u00eda tan especial para todos, y por supuesto a los protagonistas de esta celebraci\u00f3n: Nuria y Javier, que con tanto esmero han planificado este inolvidable evento: \u00a1No sab\u00e9is la alegr\u00eda de verlos cumplir su sue\u00f1o! Sue\u00f1o, que se ha fraguado a fuego lento, y que han recorrido todas las pantallas, y algunas m\u00e1s, antes de tomar la decisi\u00f3n m\u00e1s importante de sus vidas: la de jurarse amor y respeto y de forjar los cimientos y estructura de una nueva familia.<\/p>\n\n\n\n<p>Querida Nuria, \u00a1Estoy muy orgulloso de ti! si algo tengo claro en esta vida es la de haber tenido una hija como t\u00fa: inteligente, cari\u00f1osa, trabajadora, responsable\u2026 , de vivir con orgullo desde el primer d\u00eda que te tuve entre mis brazos, de haber compartido tu infancia con juegos, sue\u00f1os y emociones, de haber disfrutado, una de las mejores etapas de mi vida, junto con el nacimiento de mi otra hija Miriam, a quien tambi\u00e9n aplico estas palabras de orgullo y satisfacci\u00f3n, y que pronto junto a su pareja Alejandro, reviviremos este agradable momento. Os quiero mucho a las dos, y est\u00e1is muy guapas, me hab\u00e9is hecho crecer como padre y como persona, puede que no siempre haya sido el mejor padre del mundo, pero siempre me he apoyado en mi esposa, Ascensi\u00f3n, que ha sabido complementar mis carencias y tener un canal m\u00e1s femenino, pero el cari\u00f1o de padre a hijas, siempre ha existido, como el cari\u00f1o de hijas a padres siempre lo he sentido. Por eso quiero daros las gracias.<\/p>\n\n\n\n<p>Gracias por estar ah\u00ed, por hacerme f\u00e1cil ser un buen padre, por hacerle f\u00e1cil ser una buena madre, gracias por querernos.<\/p>\n\n\n\n<p class=\"has-ast-global-color-0-color has-text-color\" style=\"font-style:normal;font-weight:700\">Ascensi\u00f3n.<\/p>\n\n\n\n<p class=\"has-ast-global-color-0-color has-text-color\">\u00a1Hola a todos!, Yo soy la madre de la novia. \u00bfC\u00f3mo lo est\u00e1is pasando\u2026? Quer\u00eda agradeceros vuestra compa\u00f1\u00eda en un d\u00eda tan feliz para Nuria y Javi.<\/p>\n\n\n\n<p class=\"has-ast-global-color-0-color has-text-color\">Parece que hace nada que est\u00e1n juntos, pero llevan m\u00e1s de una d\u00e9cada. Por eso, cu\u00e1ndo nos dijeron que se quer\u00edan casar, no nos sorprendi\u00f3 demasiado, porque para nosotros ya lo estaban. Desde que se fueron a vivir a \u00c1msterdam, Javi, era ya uno m\u00e1s de la familia.<\/p>\n\n\n\n<p style=\"font-style:normal;font-weight:700\">Emilio.<\/p>\n\n\n\n<p>Cierto d\u00eda llegaste tu Javier, como llegan las cosas buenas de la vida, sin darnos cuenta de que hab\u00edas llegado para quedarte. Trajiste un soplo de aire fresco a Nuria, una r\u00e1faga de alegr\u00eda. Fuiste capaz de apostar por un futuro a su lado, trataste siempre de mirar hacia delante, mientras crec\u00edan los fuertes cimientos de todo lo que estabais creando juntos: \u201cvuestro mundo\u201d. Sabes que eres especial, nos diste la tranquilidad, y la felicidad a nuestra hija, y siempre te querremos como un hijo.<\/p>\n\n\n\n<p>Javier, Nuria, siempre contar\u00e9is con todo nuestro apoyo.<\/p>\n\n\n\n<p class=\"has-ast-global-color-0-color has-text-color\" style=\"font-style:normal;font-weight:700\">Ascensi\u00f3n.<\/p>\n\n\n\n<p class=\"has-ast-global-color-0-color has-text-color\">Pod\u00eda decir que son maravillosos y estupendos, que es cierto, pero tambi\u00e9n tienen sus cosillas, como todo el mundo, pero vamos: son buenas personas que es lo principal.<\/p>\n\n\n\n<p class=\"has-ast-global-color-0-color has-text-color\">Solo hacer especial menci\u00f3n a mi padre Seraf\u00edn, el \u00fanico abuelo que le queda vivo a N\u00faria, y no puede estar aqu\u00ed hoy con nosotros, y hubiera disfrutado mucho de ver casarse a su nieta, y Nuria de tenerle aqu\u00ed con ella.<\/p>\n\n\n\n<p class=\"has-ast-global-color-0-color has-text-color\">Os deseamos todo lo mejor en este nuevo camino, y solo un consejo: respeto y paciencia, mucha, mucha paciencia, bueno y que pronto tengamos un peque que cuidar, y querer, adem\u00e1s de a M\u00eda.<\/p>\n\n\n\n<p class=\"has-ast-global-color-0-color has-text-color\">\u00a1Un fuerte aplauso y un brindis a este nuevo matrimonio!<\/p>\n","protected":false},"excerpt":{"rendered":"<p>Emilio. Quiero en primer lugar, agradecer con todo el cari\u00f1o a la familia, y a los amigos, que nos acompa\u00f1an en este d\u00eda tan especial para todos, y por supuesto a los protagonistas de esta celebraci\u00f3n: Nuria y Javier, que con tanto esmero han planificado este inolvidable evento: \u00a1No sab\u00e9is la alegr\u00eda de verlos cumplir &hellip;<\/p>\n<p class=\"read-more\"> <a class=\"\" href=\"https:\/\/emilioyascension.es\/cookbook1\/discurso-boda-nuria\/\"> <span class=\"screen-reader-text\">Discurso boda Nuria y Javier<\/span> Leer m\u00e1s &raquo;<\/a><\/p>\n","protected":false},"author":1,"featured_media":0,"parent":0,"menu_order":0,"comment_status":"closed","ping_status":"closed","template":"","meta":{"site-sidebar-layout":"default","site-content-layout":"","ast-site-content-layout":"","site-content-style":"default","site-sidebar-style":"default","ast-global-header-display":"","ast-banner-title-visibility":"","ast-main-header-display":"","ast-hfb-above-header-display":"","ast-hfb-below-header-display":"","ast-hfb-mobile-header-display":"","site-post-title":"","ast-breadcrumbs-content":"","ast-featured-img":"","footer-sml-layout":"","theme-transparent-header-meta":"","adv-header-id-meta":"","stick-header-meta":"","header-above-stick-meta":"","header-main-stick-meta":"","header-below-stick-meta":"","astra-migrate-meta-layouts":"","ast-page-background-enabled":"default","ast-page-background-meta":{"desktop":{"background-color":"var(--ast-global-color-4)","background-image":"","background-repeat":"repeat","background-position":"center center","background-size":"auto","background-attachment":"scroll","background-type":"","background-media":"","overlay-type":"","overlay-color":"","overlay-gradient":""},"tablet":{"background-color":"","background-image":"","background-repeat":"repeat","background-position":"center center","background-size":"auto","background-attachment":"scroll","background-type":"","background-media":"","overlay-type":"","overlay-color":"","overlay-gradient":""},"mobile":{"background-color":"","background-image":"","background-repeat":"repeat","background-position":"center center","background-size":"auto","background-attachment":"scroll","background-type":"","background-media":"","overlay-type":"","overlay-color":"","overlay-gradient":""}},"ast-content-background-meta":{"desktop":{"background-color":"var(--ast-global-color-5)","background-image":"","background-repeat":"repeat","background-position":"center center","background-size":"auto","background-attachment":"scroll","background-type":"","background-media":"","overlay-type":"","overlay-color":"","overlay-gradient":""},"tablet":{"background-color":"var(--ast-global-color-5)","background-image":"","background-repeat":"repeat","background-position":"center center","background-size":"auto","background-attachment":"scroll","background-type":"","background-media":"","overlay-type":"","overlay-color":"","overlay-gradient":""},"mobile":{"background-color":"var(--ast-global-color-5)","background-image":"","background-repeat":"repeat","background-position":"center center","background-size":"auto","background-attachment":"scroll","background-type":"","background-media":"","overlay-type":"","overlay-color":"","overlay-gradient":""}},"footnotes":""},"class_list":["post-779","page","type-page","status-publish","hentry"],"_links":{"self":[{"href":"https:\/\/emilioyascension.es\/cookbook1\/wp-json\/wp\/v2\/pages\/779","targetHints":{"allow":["GET"]}}],"collection":[{"href":"https:\/\/emilioyascension.es\/cookbook1\/wp-json\/wp\/v2\/pages"}],"about":[{"href":"https:\/\/emilioyascension.es\/cookbook1\/wp-json\/wp\/v2\/types\/page"}],"author":[{"embeddable":true,"href":"https:\/\/emilioyascension.es\/cookbook1\/wp-json\/wp\/v2\/users\/1"}],"replies":[{"embeddable":true,"href":"https:\/\/emilioyascension.es\/cookbook1\/wp-json\/wp\/v2\/comments?post=779"}],"version-history":[{"count":15,"href":"https:\/\/emilioyascension.es\/cookbook1\/wp-json\/wp\/v2\/pages\/779\/revisions"}],"predecessor-version":[{"id":803,"href":"https:\/\/emilioyascension.es\/cookbook1\/wp-json\/wp\/v2\/pages\/779\/revisions\/803"}],"wp:attachment":[{"href":"https:\/\/emilioyascension.es\/cookbook1\/wp-json\/wp\/v2\/media?parent=779"}],"curies":[{"name":"wp","href":"https:\/\/api.w.org\/{rel}","templated":true}]}}